{"id":582,"date":"2020-09-22T22:06:06","date_gmt":"2020-09-22T22:06:06","guid":{"rendered":"http:\/\/www.keimax.com\/es\/?page_id=582"},"modified":"2021-10-19T18:12:05","modified_gmt":"2021-10-19T18:12:05","slug":"ruedas-serie-esm","status":"publish","type":"page","link":"http:\/\/www.keimax.com\/es\/ruedas-serie-esm\/","title":{"rendered":"RUEDAS SERIE ESM"},"content":{"rendered":"\t\t<div data-elementor-type=\"wp-post\" data-elementor-id=\"582\" class=\"elementor elementor-582\" data-elementor-settings=\"[]\">\n\t\t\t\t\t\t<div class=\"elementor-inner\">\n\t\t\t\t\t\t\t<div class=\"elementor-section-wrap\">\n\t\t\t\t\t\t\t<section class=\"elementor-section elementor-top-section elementor-element elementor-element-486f71b elementor-section-boxed elementor-section-height-default elementor-section-height-default\" data-id=\"486f71b\" data-element_type=\"section\">\n\t\t\t\t\t\t<div class=\"elementor-container elementor-column-gap-default\">\n\t\t\t\t\t\t\t<div class=\"elementor-row\">\n\t\t\t\t\t<div class=\"elementor-column elementor-col-100 elementor-top-column elementor-element elementor-element-53ee8abc\" data-id=\"53ee8abc\" data-element_type=\"column\" data-settings=\"{&quot;background_background&quot;:&quot;classic&quot;}\">\n\t\t\t<div class=\"elementor-column-wrap elementor-element-populated\">\n\t\t\t\t\t<div class=\"elementor-background-overlay\"><\/div>\n\t\t\t\t\t\t\t<div class=\"elementor-widget-wrap\">\n\t\t\t\t\t\t<div class=\"elementor-element elementor-element-46fce0d1 elementor-widget elementor-widget-heading\" data-id=\"46fce0d1\" data-element_type=\"widget\" data-widget_type=\"heading.default\">\n\t\t\t\t<div class=\"elementor-widget-container\">\n\t\t\t<h1 class=\"elementor-heading-title elementor-size-default\">RUEDAS SERIE ESM<\/h1>\t\t<\/div>\n\t\t\t\t<\/div>\n\t\t\t\t\t\t<\/div>\n\t\t\t\t\t<\/div>\n\t\t<\/div>\n\t\t\t\t\t\t\t\t<\/div>\n\t\t\t\t\t<\/div>\n\t\t<\/section>\n\t\t\t\t<section class=\"elementor-section elementor-top-section elementor-element elementor-element-92c48e3 elementor-section-boxed elementor-section-height-default elementor-section-height-default\" data-id=\"92c48e3\" data-element_type=\"section\">\n\t\t\t\t\t\t<div class=\"elementor-container elementor-column-gap-default\">\n\t\t\t\t\t\t\t<div class=\"elementor-row\">\n\t\t\t\t\t<div class=\"elementor-column elementor-col-100 elementor-top-column elementor-element elementor-element-66ae0277\" data-id=\"66ae0277\" data-element_type=\"column\">\n\t\t\t<div class=\"elementor-column-wrap elementor-element-populated\">\n\t\t\t\t\t\t\t<div class=\"elementor-widget-wrap\">\n\t\t\t\t\t\t<div class=\"elementor-element elementor-element-7b7356f7 elementor-widget elementor-widget-heading\" data-id=\"7b7356f7\" data-element_type=\"widget\" data-widget_type=\"heading.default\">\n\t\t\t\t<div class=\"elementor-widget-container\">\n\t\t\t<h2 class=\"elementor-heading-title elementor-size-default\">Ruedas Serie de Servicio de Maquinado Extremo (ESM)<\/h2>\t\t<\/div>\n\t\t\t\t<\/div>\n\t\t\t\t<div class=\"elementor-element elementor-element-1f6fe7a2 elementor-widget elementor-widget-heading\" data-id=\"1f6fe7a2\" data-element_type=\"widget\" data-widget_type=\"heading.default\">\n\t\t\t\t<div class=\"elementor-widget-container\">\n\t\t\t<h3 class=\"elementor-heading-title elementor-size-default\">Dise\u00f1adas para camiones y cargadores pesados \u200b\u200btodoterreno de uso en miner\u00eda a cielo abierto, nuestras ruedas de la serie ESM ayudan a mantener la presi\u00f3n adecuada de los neum\u00e1ticos y prolongan la vida \u00fatil del neum\u00e1tico.<\/h3>\t\t<\/div>\n\t\t\t\t<\/div>\n\t\t\t\t<section class=\"elementor-section elementor-inner-section elementor-element elementor-element-07f313a elementor-section-boxed elementor-section-height-default elementor-section-height-default\" data-id=\"07f313a\" data-element_type=\"section\">\n\t\t\t\t\t\t<div class=\"elementor-container elementor-column-gap-default\">\n\t\t\t\t\t\t\t<div class=\"elementor-row\">\n\t\t\t\t\t<div class=\"elementor-column elementor-col-50 elementor-inner-column elementor-element elementor-element-a8a70b5\" data-id=\"a8a70b5\" data-element_type=\"column\">\n\t\t\t<div class=\"elementor-column-wrap elementor-element-populated\">\n\t\t\t\t\t\t\t<div class=\"elementor-widget-wrap\">\n\t\t\t\t\t\t<div class=\"elementor-element elementor-element-10e75a96 elementor-widget elementor-widget-text-editor\" data-id=\"10e75a96\" data-element_type=\"widget\" data-widget_type=\"text-editor.default\">\n\t\t\t\t<div class=\"elementor-widget-container\">\n\t\t\t\t\t\t\t\t<div class=\"elementor-text-editor elementor-clearfix\">\n\t\t\t\t<p><strong>Los tres principales beneficios de la ESM son:<\/strong><\/p>\t\t\t\t\t<\/div>\n\t\t\t\t\t\t<\/div>\n\t\t\t\t<\/div>\n\t\t\t\t<div class=\"elementor-element elementor-element-316c5da5 elementor-icon-list--layout-traditional elementor-list-item-link-full_width elementor-widget elementor-widget-icon-list\" data-id=\"316c5da5\" data-element_type=\"widget\" data-widget_type=\"icon-list.default\">\n\t\t\t\t<div class=\"elementor-widget-container\">\n\t\t\t\t\t<ul class=\"elementor-icon-list-items\">\n\t\t\t\t\t\t\t<li class=\"elementor-icon-list-item\">\n\t\t\t\t\t\t\t\t\t\t<span class=\"elementor-icon-list-text\">1. Extensi\u00f3n de vida \u00fatil del aro<\/span>\n\t\t\t\t\t\t\t\t\t<\/li>\n\t\t\t\t\t\t\t\t<li class=\"elementor-icon-list-item\">\n\t\t\t\t\t\t\t\t\t\t<span class=\"elementor-icon-list-text\">2. Aumento de los niveles de seguridad<\/span>\n\t\t\t\t\t\t\t\t\t<\/li>\n\t\t\t\t\t\t\t\t<li class=\"elementor-icon-list-item\">\n\t\t\t\t\t\t\t\t\t\t<span class=\"elementor-icon-list-text\">3. Extensi\u00f3n de vida \u00fatil del neum\u00e1tico<\/span>\n\t\t\t\t\t\t\t\t\t<\/li>\n\t\t\t\t\t\t<\/ul>\n\t\t\t\t<\/div>\n\t\t\t\t<\/div>\n\t\t\t\t\t\t<\/div>\n\t\t\t\t\t<\/div>\n\t\t<\/div>\n\t\t\t\t<div class=\"elementor-column elementor-col-50 elementor-inner-column elementor-element elementor-element-d62446f\" data-id=\"d62446f\" data-element_type=\"column\">\n\t\t\t<div class=\"elementor-column-wrap elementor-element-populated\">\n\t\t\t\t\t\t\t<div class=\"elementor-widget-wrap\">\n\t\t\t\t\t\t<div class=\"elementor-element elementor-element-8351d93 elementor-widget elementor-widget-image\" data-id=\"8351d93\" data-element_type=\"widget\" data-widget_type=\"image.default\">\n\t\t\t\t<div class=\"elementor-widget-container\">\n\t\t\t\t\t\t\t\t<div class=\"elementor-image\">\n\t\t\t\t\t\t\t\t\t\t\t\t<img width=\"332\" height=\"286\" src=\"http:\/\/www.keimax.com\/es\/wp-content\/uploads\/2020\/10\/admin-ajax-1.png\" class=\"attachment-large size-large\" alt=\"\" loading=\"lazy\" srcset=\"http:\/\/www.keimax.com\/es\/wp-content\/uploads\/2020\/10\/admin-ajax-1.png 332w, http:\/\/www.keimax.com\/es\/wp-content\/uploads\/2020\/10\/admin-ajax-1-300x258.png 300w\" sizes=\"(max-width: 332px) 100vw, 332px\" \/>\t\t\t\t\t\t\t\t\t\t\t\t\t\t<\/div>\n\t\t\t\t\t\t<\/div>\n\t\t\t\t<\/div>\n\t\t\t\t\t\t<\/div>\n\t\t\t\t\t<\/div>\n\t\t<\/div>\n\t\t\t\t\t\t\t\t<\/div>\n\t\t\t\t\t<\/div>\n\t\t<\/section>\n\t\t\t\t\t\t<\/div>\n\t\t\t\t\t<\/div>\n\t\t<\/div>\n\t\t\t\t\t\t\t\t<\/div>\n\t\t\t\t\t<\/div>\n\t\t<\/section>\n\t\t\t\t<section class=\"elementor-section elementor-top-section elementor-element elementor-element-6f71d671 elementor-section-boxed elementor-section-height-default elementor-section-height-default\" data-id=\"6f71d671\" data-element_type=\"section\">\n\t\t\t\t\t\t<div class=\"elementor-container elementor-column-gap-default\">\n\t\t\t\t\t\t\t<div class=\"elementor-row\">\n\t\t\t\t\t<div class=\"elementor-column elementor-col-100 elementor-top-column elementor-element elementor-element-5c3afedb\" data-id=\"5c3afedb\" data-element_type=\"column\">\n\t\t\t<div class=\"elementor-column-wrap elementor-element-populated\">\n\t\t\t\t\t\t\t<div class=\"elementor-widget-wrap\">\n\t\t\t\t\t\t<div class=\"elementor-element elementor-element-1da505cb elementor-widget elementor-widget-heading\" data-id=\"1da505cb\" data-element_type=\"widget\" data-widget_type=\"heading.default\">\n\t\t\t\t<div class=\"elementor-widget-container\">\n\t\t\t<h2 class=\"elementor-heading-title elementor-size-default\">Tecnolog\u00eda <\/h2>\t\t<\/div>\n\t\t\t\t<\/div>\n\t\t\t\t<div class=\"elementor-element elementor-element-7d3821b elementor-icon-list--layout-traditional elementor-list-item-link-full_width elementor-widget elementor-widget-icon-list\" data-id=\"7d3821b\" data-element_type=\"widget\" data-widget_type=\"icon-list.default\">\n\t\t\t\t<div class=\"elementor-widget-container\">\n\t\t\t\t\t<ul class=\"elementor-icon-list-items\">\n\t\t\t\t\t\t\t<li class=\"elementor-icon-list-item\">\n\t\t\t\t\t\t\t\t\t\t\t<span class=\"elementor-icon-list-icon\">\n\t\t\t\t\t\t\t<i aria-hidden=\"true\" class=\"fas fa-circle\"><\/i>\t\t\t\t\t\t<\/span>\n\t\t\t\t\t\t\t\t\t\t<span class=\"elementor-icon-list-text\">Las ruedas ESM est\u00e1n dise\u00f1adas para soportar un 75% de presi\u00f3n adicional de los neum\u00e1ticos radiales que de los neum\u00e1ticos convencionales. Nuestro proceso de fabricaci\u00f3n y pr\u00e1cticas de maquinado de precisi\u00f3n nos permiten aumentar la masa de acero en un 35% en \u00e1reas cr\u00edticas.<\/span>\n\t\t\t\t\t\t\t\t\t<\/li>\n\t\t\t\t\t\t\t\t<li class=\"elementor-icon-list-item\">\n\t\t\t\t\t\t\t\t\t\t\t<span class=\"elementor-icon-list-icon\">\n\t\t\t\t\t\t\t<i aria-hidden=\"true\" class=\"fas fa-circle\"><\/i>\t\t\t\t\t\t<\/span>\n\t\t\t\t\t\t\t\t\t\t<span class=\"elementor-icon-list-text\">La serie ESM, completamente maquinada y con una fuerza de secci\u00f3n transversal mejorada en \u00e1reas altamente estresadas, aumenta la confiabilidad y la seguridad bajo mayores presiones de aire y cargas m\u00e1s pesadas.<\/span>\n\t\t\t\t\t\t\t\t\t<\/li>\n\t\t\t\t\t\t\t\t<li class=\"elementor-icon-list-item\">\n\t\t\t\t\t\t\t\t\t\t\t<span class=\"elementor-icon-list-icon\">\n\t\t\t\t\t\t\t<i aria-hidden=\"true\" class=\"fas fa-circle\"><\/i>\t\t\t\t\t\t<\/span>\n\t\t\t\t\t\t\t\t\t\t<span class=\"elementor-icon-list-text\">Cada componente est\u00e1 totalmente maquinado de acero forjado o enrollado para garantizar una redondez \u00f3ptima. Nos aseguramos que todos los componentes se ensamblen perfectamente para lograr que los neum\u00e1ticos quepan en el aro mayor en forma precisa. Esto hace que las ruedas sean m\u00e1s seguras y aumentan la vida \u00fatil del neum\u00e1tico. \t<\/span>\n\t\t\t\t\t\t\t\t\t<\/li>\n\t\t\t\t\t\t<\/ul>\n\t\t\t\t<\/div>\n\t\t\t\t<\/div>\n\t\t\t\t<section class=\"elementor-section elementor-inner-section elementor-element elementor-element-05aa132 elementor-section-boxed elementor-section-height-default elementor-section-height-default\" data-id=\"05aa132\" data-element_type=\"section\">\n\t\t\t\t\t\t<div class=\"elementor-container elementor-column-gap-default\">\n\t\t\t\t\t\t\t<div class=\"elementor-row\">\n\t\t\t\t\t<div class=\"elementor-column elementor-col-50 elementor-inner-column elementor-element elementor-element-99dafae\" data-id=\"99dafae\" data-element_type=\"column\">\n\t\t\t<div class=\"elementor-column-wrap elementor-element-populated\">\n\t\t\t\t\t\t\t<div class=\"elementor-widget-wrap\">\n\t\t\t\t\t\t<div class=\"elementor-element elementor-element-6fa1dd31 elementor-widget elementor-widget-image\" data-id=\"6fa1dd31\" data-element_type=\"widget\" data-widget_type=\"image.default\">\n\t\t\t\t<div class=\"elementor-widget-container\">\n\t\t\t\t\t\t\t\t<div class=\"elementor-image\">\n\t\t\t\t\t\t\t\t\t\t\t\t<img width=\"768\" height=\"583\" src=\"http:\/\/www.keimax.com\/es\/wp-content\/uploads\/2020\/09\/esmring-768x583.jpg\" class=\"attachment-medium_large size-medium_large\" alt=\"\" loading=\"lazy\" srcset=\"http:\/\/www.keimax.com\/es\/wp-content\/uploads\/2020\/09\/esmring-768x583.jpg 768w, http:\/\/www.keimax.com\/es\/wp-content\/uploads\/2020\/09\/esmring-300x228.jpg 300w, http:\/\/www.keimax.com\/es\/wp-content\/uploads\/2020\/09\/esmring.jpg 952w\" sizes=\"(max-width: 768px) 100vw, 768px\" \/>\t\t\t\t\t\t\t\t\t\t\t\t\t\t<\/div>\n\t\t\t\t\t\t<\/div>\n\t\t\t\t<\/div>\n\t\t\t\t\t\t<\/div>\n\t\t\t\t\t<\/div>\n\t\t<\/div>\n\t\t\t\t<div class=\"elementor-column elementor-col-50 elementor-inner-column elementor-element elementor-element-662917f\" data-id=\"662917f\" data-element_type=\"column\">\n\t\t\t<div class=\"elementor-column-wrap elementor-element-populated\">\n\t\t\t\t\t\t\t<div class=\"elementor-widget-wrap\">\n\t\t\t\t\t\t<div class=\"elementor-element elementor-element-8ab16d2 elementor-widget elementor-widget-image\" data-id=\"8ab16d2\" data-element_type=\"widget\" data-widget_type=\"image.default\">\n\t\t\t\t<div class=\"elementor-widget-container\">\n\t\t\t\t\t\t\t\t<div class=\"elementor-image\">\n\t\t\t\t\t\t\t\t\t\t\t\t<img width=\"768\" height=\"564\" src=\"http:\/\/www.keimax.com\/es\/wp-content\/uploads\/2020\/10\/BTS-structure-768x564-1.jpg\" class=\"attachment-medium_large size-medium_large\" alt=\"\" loading=\"lazy\" srcset=\"http:\/\/www.keimax.com\/es\/wp-content\/uploads\/2020\/10\/BTS-structure-768x564-1.jpg 768w, http:\/\/www.keimax.com\/es\/wp-content\/uploads\/2020\/10\/BTS-structure-768x564-1-300x220.jpg 300w\" sizes=\"(max-width: 768px) 100vw, 768px\" \/>\t\t\t\t\t\t\t\t\t\t\t\t\t\t<\/div>\n\t\t\t\t\t\t<\/div>\n\t\t\t\t<\/div>\n\t\t\t\t\t\t<\/div>\n\t\t\t\t\t<\/div>\n\t\t<\/div>\n\t\t\t\t\t\t\t\t<\/div>\n\t\t\t\t\t<\/div>\n\t\t<\/section>\n\t\t\t\t\t\t<\/div>\n\t\t\t\t\t<\/div>\n\t\t<\/div>\n\t\t\t\t\t\t\t\t<\/div>\n\t\t\t\t\t<\/div>\n\t\t<\/section>\n\t\t\t\t<section class=\"elementor-section elementor-top-section elementor-element elementor-element-68967c3f elementor-section-boxed elementor-section-height-default elementor-section-height-default\" data-id=\"68967c3f\" data-element_type=\"section\" data-settings=\"{&quot;background_background&quot;:&quot;classic&quot;}\">\n\t\t\t\t\t\t<div class=\"elementor-container elementor-column-gap-default\">\n\t\t\t\t\t\t\t<div class=\"elementor-row\">\n\t\t\t\t\t<div class=\"elementor-column elementor-col-50 elementor-top-column elementor-element elementor-element-5ca7d513\" data-id=\"5ca7d513\" data-element_type=\"column\">\n\t\t\t<div class=\"elementor-column-wrap elementor-element-populated\">\n\t\t\t\t\t\t\t<div class=\"elementor-widget-wrap\">\n\t\t\t\t\t\t<section class=\"elementor-section elementor-inner-section elementor-element elementor-element-4d747837 elementor-section-boxed elementor-section-height-default elementor-section-height-default\" data-id=\"4d747837\" data-element_type=\"section\">\n\t\t\t\t\t\t<div class=\"elementor-container elementor-column-gap-default\">\n\t\t\t\t\t\t\t<div class=\"elementor-row\">\n\t\t\t\t\t<div class=\"elementor-column elementor-col-100 elementor-inner-column elementor-element elementor-element-438a60b5\" data-id=\"438a60b5\" data-element_type=\"column\">\n\t\t\t<div class=\"elementor-column-wrap elementor-element-populated\">\n\t\t\t\t\t\t\t<div class=\"elementor-widget-wrap\">\n\t\t\t\t\t\t<div class=\"elementor-element elementor-element-47dc9a0a elementor-widget elementor-widget-heading\" data-id=\"47dc9a0a\" data-element_type=\"widget\" data-widget_type=\"heading.default\">\n\t\t\t\t<div class=\"elementor-widget-container\">\n\t\t\t<h2 class=\"elementor-heading-title elementor-size-default\">Descargue nuestro folleto de productos<\/h2>\t\t<\/div>\n\t\t\t\t<\/div>\n\t\t\t\t<div class=\"elementor-element elementor-element-15d649d8 elementor-widget elementor-widget-image\" data-id=\"15d649d8\" data-element_type=\"widget\" data-widget_type=\"image.default\">\n\t\t\t\t<div class=\"elementor-widget-container\">\n\t\t\t\t\t\t\t\t<div class=\"elementor-image\">\n\t\t\t\t\t\t\t\t\t\t\t\t\t<a href=\"http:\/\/www.keimax.com\/wp-content\/uploads\/2021\/10\/20210733-brochure.pdf\">\n\t\t\t\t\t\t\t<img width=\"144\" height=\"198\" src=\"http:\/\/www.keimax.com\/es\/wp-content\/uploads\/2020\/09\/brochured.png\" class=\"attachment-large size-large\" alt=\"\" loading=\"lazy\" \/>\t\t\t\t\t\t\t\t<\/a>\n\t\t\t\t\t\t\t\t\t\t\t\t\t\t<\/div>\n\t\t\t\t\t\t<\/div>\n\t\t\t\t<\/div>\n\t\t\t\t\t\t<\/div>\n\t\t\t\t\t<\/div>\n\t\t<\/div>\n\t\t\t\t\t\t\t\t<\/div>\n\t\t\t\t\t<\/div>\n\t\t<\/section>\n\t\t\t\t\t\t<\/div>\n\t\t\t\t\t<\/div>\n\t\t<\/div>\n\t\t\t\t<div class=\"elementor-column elementor-col-50 elementor-top-column elementor-element elementor-element-255820a\" data-id=\"255820a\" data-element_type=\"column\">\n\t\t\t<div class=\"elementor-column-wrap\">\n\t\t\t\t\t\t\t<div class=\"elementor-widget-wrap\">\n\t\t\t\t\t\t\t\t<\/div>\n\t\t\t\t\t<\/div>\n\t\t<\/div>\n\t\t\t\t\t\t\t\t<\/div>\n\t\t\t\t\t<\/div>\n\t\t<\/section>\n\t\t\t\t<section class=\"elementor-section elementor-top-section elementor-element elementor-element-47a9274f elementor-section-boxed elementor-section-height-default elementor-section-height-default\" data-id=\"47a9274f\" data-element_type=\"section\" data-settings=\"{&quot;background_background&quot;:&quot;classic&quot;}\">\n\t\t\t\t\t\t<div class=\"elementor-container elementor-column-gap-default\">\n\t\t\t\t\t\t\t<div class=\"elementor-row\">\n\t\t\t\t\t<div class=\"elementor-column elementor-col-100 elementor-top-column elementor-element elementor-element-992342b\" data-id=\"992342b\" data-element_type=\"column\">\n\t\t\t<div class=\"elementor-column-wrap elementor-element-populated\">\n\t\t\t\t\t\t\t<div class=\"elementor-widget-wrap\">\n\t\t\t\t\t\t<div class=\"elementor-element elementor-element-347c6df4 elementor-widget elementor-widget-html\" data-id=\"347c6df4\" data-element_type=\"widget\" data-widget_type=\"html.default\">\n\t\t\t\t<div class=\"elementor-widget-container\">\n\t\t\t <div class=\"cards\">\n        <div class=\"card \">\n          <img src=\"http:\/\/www.keimax.com\/wp-content\/uploads\/2020\/11\/ESM-red.png\" alt=\"\">\n          <p>Nuestra Serie ESM est\u00e1 dise\u00f1ada para camiones y cargadoras pesadas \u200b\u200btodoterreno. La Serie ESM incluye el aseguramiento y la estabilizaci\u00f3n del tal\u00f3n del neum\u00e1tico para evitar la fuga de aire y lograr que los neum\u00e1ticos duren m\u00e1s tiempo.<\/p>\n           <p><a class=\"btn\" href=\"http:\/\/www.keimax.com\/es\/ruedas-serie-esm\/\">RUEDAS SERIE ESM &#xbb;<\/a><\/p>\n        <\/div>\n        <div class=\"card \">\n           <img src=\"http:\/\/www.keimax.com\/wp-content\/uploads\/2020\/11\/BTS-red.png\" alt=\"\">\n          <p>Nuestra Serie BTS responde a la exigente necesidad de camiones todoterreno de servicio pesado bajo condiciones de operaci\u00f3n dif\u00edciles. Cada rueda es probada con rayos X para mayor durabilidad.<\/p>\n          <p><a class=\"btn\" href=\"http:\/\/www.keimax.com\/es\/ruedas-serie-bts\/\">\n            RUEDAS SERIE  BTS  &#xbb;<\/a><\/p>\n        <\/div>\n        <div class=\"card \">\n           <img src=\"http:\/\/www.keimax.com\/wp-content\/uploads\/2020\/11\/dgcs-red.png\" alt=\"\">\n          <p>Dise\u00f1ada para quitar los neum\u00e1ticos traseros r\u00e1pidamente sin desmontar la rueda exterior, lo que reduce significativamente el tiempo de servicio, la Serie BTS mejora la productividad y aumenta su rentabilidad.<\/p>\n          <p><a class=\"btn\" href=\"http:\/\/www.keimax.com\/es\/ruedas-serie-dgcs\/\">\n            RUEDAS SERIE DGCS  &#xbb;<\/a><\/p>\n        <\/div>\n        <div class=\"card \">\n           <img src=\"http:\/\/www.keimax.com\/wp-content\/uploads\/2020\/11\/iglr-RED.png\" alt=\"\">\n          <p>La rueda ILGR est\u00e1 dise\u00f1ada para lograr que los cambios de neum\u00e1ticos sean m\u00e1s r\u00e1pidos, seguros y eficientes, comparados con los hechos en las tradicionales ruedas de cinco piezas.<\/p>\n         \n          <p><a class=\"btn\" href=\"http:\/\/www.keimax.com\/es\/iglr-series-ruedas-metalicas-wheels\/\">\n            RUEDAS SERIE  IGLR   &#xbb;<\/a><\/p>\n        <\/div>\n      <\/div>\t\t<\/div>\n\t\t\t\t<\/div>\n\t\t\t\t\t\t<\/div>\n\t\t\t\t\t<\/div>\n\t\t<\/div>\n\t\t\t\t\t\t\t\t<\/div>\n\t\t\t\t\t<\/div>\n\t\t<\/section>\n\t\t\t\t\t\t<\/div>\n\t\t\t\t\t\t<\/div>\n\t\t\t\t\t<\/div>\n\t\t","protected":false},"excerpt":{"rendered":"<p>RUEDAS SERIE ESM Ruedas Serie de Servicio de Maquinado Extremo (ESM) Dise\u00f1adas para camiones y cargadores pesados \u200b\u200btodoterreno de uso en miner\u00eda a cielo abierto, nuestras ruedas de la serie ESM ayudan a mantener la presi\u00f3n adecuada de los neum\u00e1ticos y prolongan la vida \u00fatil del neum\u00e1tico. Los tres principales beneficios de la ESM son: &hellip;<\/p>\n<p class=\"read-more\"> <a class=\"\" href=\"http:\/\/www.keimax.com\/es\/ruedas-serie-esm\/\"> <span class=\"screen-reader-text\">RUEDAS SERIE ESM<\/span> Leer m\u00e1s &raquo;<\/a><\/p>\n","protected":false},"author":1,"featured_media":0,"parent":0,"menu_order":0,"comment_status":"closed","ping_status":"closed","template":"","meta":[],"_links":{"self":[{"href":"http:\/\/www.keimax.com\/es\/wp-json\/wp\/v2\/pages\/582"}],"collection":[{"href":"http:\/\/www.keimax.com\/es\/wp-json\/wp\/v2\/pages"}],"about":[{"href":"http:\/\/www.keimax.com\/es\/wp-json\/wp\/v2\/types\/page"}],"author":[{"embeddable":true,"href":"http:\/\/www.keimax.com\/es\/wp-json\/wp\/v2\/users\/1"}],"replies":[{"embeddable":true,"href":"http:\/\/www.keimax.com\/es\/wp-json\/wp\/v2\/comments?post=582"}],"version-history":[{"count":30,"href":"http:\/\/www.keimax.com\/es\/wp-json\/wp\/v2\/pages\/582\/revisions"}],"predecessor-version":[{"id":947,"href":"http:\/\/www.keimax.com\/es\/wp-json\/wp\/v2\/pages\/582\/revisions\/947"}],"wp:attachment":[{"href":"http:\/\/www.keimax.com\/es\/wp-json\/wp\/v2\/media?parent=582"}],"curies":[{"name":"wp","href":"https:\/\/api.w.org\/{rel}","templated":true}]}}