{"id":613,"date":"2020-09-23T19:28:46","date_gmt":"2020-09-23T19:28:46","guid":{"rendered":"http:\/\/www.keimax.com\/es\/?page_id=613"},"modified":"2021-10-19T18:11:17","modified_gmt":"2021-10-19T18:11:17","slug":"ruedas-serie-bts","status":"publish","type":"page","link":"http:\/\/www.keimax.com\/es\/ruedas-serie-bts\/","title":{"rendered":"RUEDAS SERIE BTS"},"content":{"rendered":"\t\t<div data-elementor-type=\"wp-post\" data-elementor-id=\"613\" class=\"elementor elementor-613\" data-elementor-settings=\"[]\">\n\t\t\t\t\t\t<div class=\"elementor-inner\">\n\t\t\t\t\t\t\t<div class=\"elementor-section-wrap\">\n\t\t\t\t\t\t\t<section class=\"elementor-section elementor-top-section elementor-element elementor-element-5bfb341a elementor-section-boxed elementor-section-height-default elementor-section-height-default\" data-id=\"5bfb341a\" data-element_type=\"section\">\n\t\t\t\t\t\t<div class=\"elementor-container elementor-column-gap-default\">\n\t\t\t\t\t\t\t<div class=\"elementor-row\">\n\t\t\t\t\t<div class=\"elementor-column elementor-col-100 elementor-top-column elementor-element elementor-element-69a10840\" data-id=\"69a10840\" data-element_type=\"column\" data-settings=\"{&quot;background_background&quot;:&quot;classic&quot;}\">\n\t\t\t<div class=\"elementor-column-wrap elementor-element-populated\">\n\t\t\t\t\t<div class=\"elementor-background-overlay\"><\/div>\n\t\t\t\t\t\t\t<div class=\"elementor-widget-wrap\">\n\t\t\t\t\t\t<div class=\"elementor-element elementor-element-5d92fe68 elementor-widget elementor-widget-heading\" data-id=\"5d92fe68\" data-element_type=\"widget\" data-widget_type=\"heading.default\">\n\t\t\t\t<div class=\"elementor-widget-container\">\n\t\t\t<h1 class=\"elementor-heading-title elementor-size-default\">RUEDAS SERIE BTS<\/h1>\t\t<\/div>\n\t\t\t\t<\/div>\n\t\t\t\t\t\t<\/div>\n\t\t\t\t\t<\/div>\n\t\t<\/div>\n\t\t\t\t\t\t\t\t<\/div>\n\t\t\t\t\t<\/div>\n\t\t<\/section>\n\t\t\t\t<section class=\"elementor-section elementor-top-section elementor-element elementor-element-92c48e3 elementor-section-boxed elementor-section-height-default elementor-section-height-default\" data-id=\"92c48e3\" data-element_type=\"section\">\n\t\t\t\t\t\t<div class=\"elementor-container elementor-column-gap-default\">\n\t\t\t\t\t\t\t<div class=\"elementor-row\">\n\t\t\t\t\t<div class=\"elementor-column elementor-col-100 elementor-top-column elementor-element elementor-element-66ae0277\" data-id=\"66ae0277\" data-element_type=\"column\">\n\t\t\t<div class=\"elementor-column-wrap elementor-element-populated\">\n\t\t\t\t\t\t\t<div class=\"elementor-widget-wrap\">\n\t\t\t\t\t\t<div class=\"elementor-element elementor-element-7b7356f7 elementor-widget elementor-widget-heading\" data-id=\"7b7356f7\" data-element_type=\"widget\" data-widget_type=\"heading.default\">\n\t\t\t\t<div class=\"elementor-widget-container\">\n\t\t\t<h2 class=\"elementor-heading-title elementor-size-default\">Ruedas Serie Bead Taper Secure (BTS)<\/h2>\t\t<\/div>\n\t\t\t\t<\/div>\n\t\t\t\t<div class=\"elementor-element elementor-element-1f6fe7a2 elementor-widget elementor-widget-heading\" data-id=\"1f6fe7a2\" data-element_type=\"widget\" data-widget_type=\"heading.default\">\n\t\t\t\t<div class=\"elementor-widget-container\">\n\t\t\t<h3 class=\"elementor-heading-title elementor-size-default\">Las ruedas y los aros de la serie BTS est\u00e1n dise\u00f1ados para responder a las desafiantes necesidades de los camiones pesados todoterreno en condiciones de operaci\u00f3n dif\u00edciles.<\/h3>\t\t<\/div>\n\t\t\t\t<\/div>\n\t\t\t\t<section class=\"elementor-section elementor-inner-section elementor-element elementor-element-7f0294c elementor-section-boxed elementor-section-height-default elementor-section-height-default\" data-id=\"7f0294c\" data-element_type=\"section\">\n\t\t\t\t\t\t<div class=\"elementor-container elementor-column-gap-default\">\n\t\t\t\t\t\t\t<div class=\"elementor-row\">\n\t\t\t\t\t<div class=\"elementor-column elementor-col-50 elementor-inner-column elementor-element elementor-element-8cd1ccd\" data-id=\"8cd1ccd\" data-element_type=\"column\">\n\t\t\t<div class=\"elementor-column-wrap elementor-element-populated\">\n\t\t\t\t\t\t\t<div class=\"elementor-widget-wrap\">\n\t\t\t\t\t\t<div class=\"elementor-element elementor-element-10e75a96 elementor-widget elementor-widget-text-editor\" data-id=\"10e75a96\" data-element_type=\"widget\" data-widget_type=\"text-editor.default\">\n\t\t\t\t<div class=\"elementor-widget-container\">\n\t\t\t\t\t\t\t\t<div class=\"elementor-text-editor elementor-clearfix\">\n\t\t\t\t<p><strong>Los principales beneficios de BTS son:<\/strong><\/p>\t\t\t\t\t<\/div>\n\t\t\t\t\t\t<\/div>\n\t\t\t\t<\/div>\n\t\t\t\t<div class=\"elementor-element elementor-element-316c5da5 elementor-icon-list--layout-traditional elementor-list-item-link-full_width elementor-widget elementor-widget-icon-list\" data-id=\"316c5da5\" data-element_type=\"widget\" data-widget_type=\"icon-list.default\">\n\t\t\t\t<div class=\"elementor-widget-container\">\n\t\t\t\t\t<ul class=\"elementor-icon-list-items\">\n\t\t\t\t\t\t\t<li class=\"elementor-icon-list-item\">\n\t\t\t\t\t\t\t\t\t\t<span class=\"elementor-icon-list-text\">1. Mayor vida \u00fatil del aro y componentes <\/span>\n\t\t\t\t\t\t\t\t\t<\/li>\n\t\t\t\t\t\t\t\t<li class=\"elementor-icon-list-item\">\n\t\t\t\t\t\t\t\t\t\t<span class=\"elementor-icon-list-text\">2. Eliminaci\u00f3n de vibraci\u00f3n a lo largo del eje <\/span>\n\t\t\t\t\t\t\t\t\t<\/li>\n\t\t\t\t\t\t\t\t<li class=\"elementor-icon-list-item\">\n\t\t\t\t\t\t\t\t\t\t<span class=\"elementor-icon-list-text\">3. Mejor retenci\u00f3n de aire<\/span>\n\t\t\t\t\t\t\t\t\t<\/li>\n\t\t\t\t\t\t\t\t<li class=\"elementor-icon-list-item\">\n\t\t\t\t\t\t\t\t\t\t<span class=\"elementor-icon-list-text\">4. Menos tiempo de inactividad del equipo que resulta en un aumento de la producci\u00f3n<\/span>\n\t\t\t\t\t\t\t\t\t<\/li>\n\t\t\t\t\t\t\t\t<li class=\"elementor-icon-list-item\">\n\t\t\t\t\t\t\t\t\t\t<span class=\"elementor-icon-list-text\">5. Hasta un 25% en extensi\u00f3n de vida del neum\u00e1tico<\/span>\n\t\t\t\t\t\t\t\t\t<\/li>\n\t\t\t\t\t\t<\/ul>\n\t\t\t\t<\/div>\n\t\t\t\t<\/div>\n\t\t\t\t\t\t<\/div>\n\t\t\t\t\t<\/div>\n\t\t<\/div>\n\t\t\t\t<div class=\"elementor-column elementor-col-50 elementor-inner-column elementor-element elementor-element-5c8ea35\" data-id=\"5c8ea35\" data-element_type=\"column\">\n\t\t\t<div class=\"elementor-column-wrap elementor-element-populated\">\n\t\t\t\t\t\t\t<div class=\"elementor-widget-wrap\">\n\t\t\t\t\t\t<div class=\"elementor-element elementor-element-c928181 elementor-widget elementor-widget-image\" data-id=\"c928181\" data-element_type=\"widget\" data-widget_type=\"image.default\">\n\t\t\t\t<div class=\"elementor-widget-container\">\n\t\t\t\t\t\t\t\t<div class=\"elementor-image\">\n\t\t\t\t\t\t\t\t\t\t\t\t<img width=\"381\" height=\"353\" src=\"http:\/\/www.keimax.com\/es\/wp-content\/uploads\/2020\/10\/bts-graphic-2.jpg\" class=\"attachment-large size-large\" alt=\"\" loading=\"lazy\" srcset=\"http:\/\/www.keimax.com\/es\/wp-content\/uploads\/2020\/10\/bts-graphic-2.jpg 381w, http:\/\/www.keimax.com\/es\/wp-content\/uploads\/2020\/10\/bts-graphic-2-300x278.jpg 300w\" sizes=\"(max-width: 381px) 100vw, 381px\" \/>\t\t\t\t\t\t\t\t\t\t\t\t\t\t<\/div>\n\t\t\t\t\t\t<\/div>\n\t\t\t\t<\/div>\n\t\t\t\t\t\t<\/div>\n\t\t\t\t\t<\/div>\n\t\t<\/div>\n\t\t\t\t\t\t\t\t<\/div>\n\t\t\t\t\t<\/div>\n\t\t<\/section>\n\t\t\t\t\t\t<\/div>\n\t\t\t\t\t<\/div>\n\t\t<\/div>\n\t\t\t\t\t\t\t\t<\/div>\n\t\t\t\t\t<\/div>\n\t\t<\/section>\n\t\t\t\t<section class=\"elementor-section elementor-top-section elementor-element elementor-element-6f71d671 elementor-section-boxed elementor-section-height-default elementor-section-height-default\" data-id=\"6f71d671\" data-element_type=\"section\">\n\t\t\t\t\t\t<div class=\"elementor-container elementor-column-gap-default\">\n\t\t\t\t\t\t\t<div class=\"elementor-row\">\n\t\t\t\t\t<div class=\"elementor-column elementor-col-100 elementor-top-column elementor-element elementor-element-5c3afedb\" data-id=\"5c3afedb\" data-element_type=\"column\">\n\t\t\t<div class=\"elementor-column-wrap elementor-element-populated\">\n\t\t\t\t\t\t\t<div class=\"elementor-widget-wrap\">\n\t\t\t\t\t\t<div class=\"elementor-element elementor-element-1da505cb elementor-widget elementor-widget-heading\" data-id=\"1da505cb\" data-element_type=\"widget\" data-widget_type=\"heading.default\">\n\t\t\t\t<div class=\"elementor-widget-container\">\n\t\t\t<h2 class=\"elementor-heading-title elementor-size-default\">Tecnolog\u00eda <\/h2>\t\t<\/div>\n\t\t\t\t<\/div>\n\t\t\t\t<div class=\"elementor-element elementor-element-7d3821b elementor-icon-list--layout-traditional elementor-list-item-link-full_width elementor-widget elementor-widget-icon-list\" data-id=\"7d3821b\" data-element_type=\"widget\" data-widget_type=\"icon-list.default\">\n\t\t\t\t<div class=\"elementor-widget-container\">\n\t\t\t\t\t<ul class=\"elementor-icon-list-items\">\n\t\t\t\t\t\t\t<li class=\"elementor-icon-list-item\">\n\t\t\t\t\t\t\t\t\t\t\t<span class=\"elementor-icon-list-icon\">\n\t\t\t\t\t\t\t<i aria-hidden=\"true\" class=\"fas fa-circle\"><\/i>\t\t\t\t\t\t<\/span>\n\t\t\t\t\t\t\t\t\t\t<span class=\"elementor-icon-list-text\">El innovador dise\u00f1o de BTS asegura en su lugar a todos los componentes del aro y elimina cualquier movimiento o flexi\u00f3n de los componentes de la rueda (aros laterales, base de la rueda, aros de asiento de tal\u00f3n, aro de cierre, y el aro-O) <\/span>\n\t\t\t\t\t\t\t\t\t<\/li>\n\t\t\t\t\t\t\t\t<li class=\"elementor-icon-list-item\">\n\t\t\t\t\t\t\t\t\t\t\t<span class=\"elementor-icon-list-icon\">\n\t\t\t\t\t\t\t<i aria-hidden=\"true\" class=\"fas fa-circle\"><\/i>\t\t\t\t\t\t<\/span>\n\t\t\t\t\t\t\t\t\t\t<span class=\"elementor-icon-list-text\">Los talones del neum\u00e1tico permanecen asegurados y estables.<\/span>\n\t\t\t\t\t\t\t\t\t<\/li>\n\t\t\t\t\t\t\t\t<li class=\"elementor-icon-list-item\">\n\t\t\t\t\t\t\t\t\t\t\t<span class=\"elementor-icon-list-icon\">\n\t\t\t\t\t\t\t<i aria-hidden=\"true\" class=\"fas fa-circle\"><\/i>\t\t\t\t\t\t<\/span>\n\t\t\t\t\t\t\t\t\t\t<span class=\"elementor-icon-list-text\">Se elimina la p\u00e9rdida de aire y los problemas relacionados con la misma. <\/span>\n\t\t\t\t\t\t\t\t\t<\/li>\n\t\t\t\t\t\t\t\t<li class=\"elementor-icon-list-item\">\n\t\t\t\t\t\t\t\t\t\t\t<span class=\"elementor-icon-list-icon\">\n\t\t\t\t\t\t\t<i aria-hidden=\"true\" class=\"fas fa-circle\"><\/i>\t\t\t\t\t\t<\/span>\n\t\t\t\t\t\t\t\t\t\t<span class=\"elementor-icon-list-text\">El dise\u00f1o tambi\u00e9n le da a los aros laterales m\u00e1s superficie sobre la cual asentarse.<\/span>\n\t\t\t\t\t\t\t\t\t<\/li>\n\t\t\t\t\t\t\t\t<li class=\"elementor-icon-list-item\">\n\t\t\t\t\t\t\t\t\t\t\t<span class=\"elementor-icon-list-icon\">\n\t\t\t\t\t\t\t<i aria-hidden=\"true\" class=\"fas fa-circle\"><\/i>\t\t\t\t\t\t<\/span>\n\t\t\t\t\t\t\t\t\t\t<span class=\"elementor-icon-list-text\">Una mayor \u00e1rea de contacto distribuye las fuerzas y las presiones de manera uniforme en todos los componentes. El grosor de esta \u00e1rea le da al aro lateral la estabilidad para reaccionar contra las fuerzas del neum\u00e1tico.<\/span>\n\t\t\t\t\t\t\t\t\t<\/li>\n\t\t\t\t\t\t\t\t<li class=\"elementor-icon-list-item\">\n\t\t\t\t\t\t\t\t\t\t\t<span class=\"elementor-icon-list-icon\">\n\t\t\t\t\t\t\t<i aria-hidden=\"true\" class=\"fas fa-circle\"><\/i>\t\t\t\t\t\t<\/span>\n\t\t\t\t\t\t\t\t\t\t<span class=\"elementor-icon-list-text\">El dise\u00f1o completamente maquinado asegura una distribuci\u00f3n uniforme de las tensiones de contacto.<\/span>\n\t\t\t\t\t\t\t\t\t<\/li>\n\t\t\t\t\t\t<\/ul>\n\t\t\t\t<\/div>\n\t\t\t\t<\/div>\n\t\t\t\t<section class=\"elementor-section elementor-inner-section elementor-element elementor-element-2577bb0 elementor-section-boxed elementor-section-height-default elementor-section-height-default\" data-id=\"2577bb0\" data-element_type=\"section\">\n\t\t\t\t\t\t<div class=\"elementor-container elementor-column-gap-default\">\n\t\t\t\t\t\t\t<div class=\"elementor-row\">\n\t\t\t\t\t<div class=\"elementor-column elementor-col-50 elementor-inner-column elementor-element elementor-element-43cdf97\" data-id=\"43cdf97\" data-element_type=\"column\">\n\t\t\t<div class=\"elementor-column-wrap elementor-element-populated\">\n\t\t\t\t\t\t\t<div class=\"elementor-widget-wrap\">\n\t\t\t\t\t\t<div class=\"elementor-element elementor-element-6fa1dd31 elementor-widget elementor-widget-image\" data-id=\"6fa1dd31\" data-element_type=\"widget\" data-widget_type=\"image.default\">\n\t\t\t\t<div class=\"elementor-widget-container\">\n\t\t\t\t\t\t\t\t<div class=\"elementor-image\">\n\t\t\t\t\t\t\t\t\t\t\t\t<img width=\"768\" height=\"533\" src=\"http:\/\/www.keimax.com\/es\/wp-content\/uploads\/2020\/09\/btsring-768x533-1.jpg\" class=\"attachment-medium_large size-medium_large\" alt=\"\" loading=\"lazy\" srcset=\"http:\/\/www.keimax.com\/es\/wp-content\/uploads\/2020\/09\/btsring-768x533-1.jpg 768w, http:\/\/www.keimax.com\/es\/wp-content\/uploads\/2020\/09\/btsring-768x533-1-300x208.jpg 300w\" sizes=\"(max-width: 768px) 100vw, 768px\" \/>\t\t\t\t\t\t\t\t\t\t\t\t\t\t<\/div>\n\t\t\t\t\t\t<\/div>\n\t\t\t\t<\/div>\n\t\t\t\t\t\t<\/div>\n\t\t\t\t\t<\/div>\n\t\t<\/div>\n\t\t\t\t<div class=\"elementor-column elementor-col-50 elementor-inner-column elementor-element elementor-element-001a78c\" data-id=\"001a78c\" data-element_type=\"column\">\n\t\t\t<div class=\"elementor-column-wrap elementor-element-populated\">\n\t\t\t\t\t\t\t<div class=\"elementor-widget-wrap\">\n\t\t\t\t\t\t<div class=\"elementor-element elementor-element-b3590b6 elementor-widget elementor-widget-image\" data-id=\"b3590b6\" data-element_type=\"widget\" data-widget_type=\"image.default\">\n\t\t\t\t<div class=\"elementor-widget-container\">\n\t\t\t\t\t\t\t\t<div class=\"elementor-image\">\n\t\t\t\t\t\t\t\t\t\t\t\t<img width=\"768\" height=\"564\" src=\"http:\/\/www.keimax.com\/es\/wp-content\/uploads\/2020\/10\/BTS-structure-768x564-1-1.jpg\" class=\"attachment-medium_large size-medium_large\" alt=\"\" loading=\"lazy\" srcset=\"http:\/\/www.keimax.com\/es\/wp-content\/uploads\/2020\/10\/BTS-structure-768x564-1-1.jpg 768w, http:\/\/www.keimax.com\/es\/wp-content\/uploads\/2020\/10\/BTS-structure-768x564-1-1-300x220.jpg 300w\" sizes=\"(max-width: 768px) 100vw, 768px\" \/>\t\t\t\t\t\t\t\t\t\t\t\t\t\t<\/div>\n\t\t\t\t\t\t<\/div>\n\t\t\t\t<\/div>\n\t\t\t\t\t\t<\/div>\n\t\t\t\t\t<\/div>\n\t\t<\/div>\n\t\t\t\t\t\t\t\t<\/div>\n\t\t\t\t\t<\/div>\n\t\t<\/section>\n\t\t\t\t\t\t<\/div>\n\t\t\t\t\t<\/div>\n\t\t<\/div>\n\t\t\t\t\t\t\t\t<\/div>\n\t\t\t\t\t<\/div>\n\t\t<\/section>\n\t\t\t\t<section class=\"elementor-section elementor-top-section elementor-element elementor-element-68967c3f elementor-section-boxed elementor-section-height-default elementor-section-height-default\" data-id=\"68967c3f\" data-element_type=\"section\" data-settings=\"{&quot;background_background&quot;:&quot;classic&quot;}\">\n\t\t\t\t\t\t<div class=\"elementor-container elementor-column-gap-default\">\n\t\t\t\t\t\t\t<div class=\"elementor-row\">\n\t\t\t\t\t<div class=\"elementor-column elementor-col-50 elementor-top-column elementor-element elementor-element-5ca7d513\" data-id=\"5ca7d513\" data-element_type=\"column\">\n\t\t\t<div class=\"elementor-column-wrap elementor-element-populated\">\n\t\t\t\t\t\t\t<div class=\"elementor-widget-wrap\">\n\t\t\t\t\t\t<section class=\"elementor-section elementor-inner-section elementor-element elementor-element-4d747837 elementor-section-boxed elementor-section-height-default elementor-section-height-default\" data-id=\"4d747837\" data-element_type=\"section\">\n\t\t\t\t\t\t<div class=\"elementor-container elementor-column-gap-default\">\n\t\t\t\t\t\t\t<div class=\"elementor-row\">\n\t\t\t\t\t<div class=\"elementor-column elementor-col-100 elementor-inner-column elementor-element elementor-element-438a60b5\" data-id=\"438a60b5\" data-element_type=\"column\">\n\t\t\t<div class=\"elementor-column-wrap elementor-element-populated\">\n\t\t\t\t\t\t\t<div class=\"elementor-widget-wrap\">\n\t\t\t\t\t\t<div class=\"elementor-element elementor-element-47dc9a0a elementor-widget elementor-widget-heading\" data-id=\"47dc9a0a\" data-element_type=\"widget\" data-widget_type=\"heading.default\">\n\t\t\t\t<div class=\"elementor-widget-container\">\n\t\t\t<h2 class=\"elementor-heading-title elementor-size-default\">Descargue nuestro folleto de productos<\/h2>\t\t<\/div>\n\t\t\t\t<\/div>\n\t\t\t\t<div class=\"elementor-element elementor-element-15d649d8 elementor-widget elementor-widget-image\" data-id=\"15d649d8\" data-element_type=\"widget\" data-widget_type=\"image.default\">\n\t\t\t\t<div class=\"elementor-widget-container\">\n\t\t\t\t\t\t\t\t<div class=\"elementor-image\">\n\t\t\t\t\t\t\t\t\t\t\t\t\t<a href=\"http:\/\/www.keimax.com\/wp-content\/uploads\/2021\/10\/20210733-brochure.pdf\">\n\t\t\t\t\t\t\t<img width=\"144\" height=\"198\" src=\"http:\/\/www.keimax.com\/es\/wp-content\/uploads\/2020\/09\/brochured.png\" class=\"attachment-large size-large\" alt=\"\" loading=\"lazy\" \/>\t\t\t\t\t\t\t\t<\/a>\n\t\t\t\t\t\t\t\t\t\t\t\t\t\t<\/div>\n\t\t\t\t\t\t<\/div>\n\t\t\t\t<\/div>\n\t\t\t\t\t\t<\/div>\n\t\t\t\t\t<\/div>\n\t\t<\/div>\n\t\t\t\t\t\t\t\t<\/div>\n\t\t\t\t\t<\/div>\n\t\t<\/section>\n\t\t\t\t\t\t<\/div>\n\t\t\t\t\t<\/div>\n\t\t<\/div>\n\t\t\t\t<div class=\"elementor-column elementor-col-50 elementor-top-column elementor-element elementor-element-255820a\" data-id=\"255820a\" data-element_type=\"column\">\n\t\t\t<div class=\"elementor-column-wrap\">\n\t\t\t\t\t\t\t<div class=\"elementor-widget-wrap\">\n\t\t\t\t\t\t\t\t<\/div>\n\t\t\t\t\t<\/div>\n\t\t<\/div>\n\t\t\t\t\t\t\t\t<\/div>\n\t\t\t\t\t<\/div>\n\t\t<\/section>\n\t\t\t\t<section class=\"elementor-section elementor-top-section elementor-element elementor-element-7194218f elementor-section-boxed elementor-section-height-default elementor-section-height-default\" data-id=\"7194218f\" data-element_type=\"section\" data-settings=\"{&quot;background_background&quot;:&quot;classic&quot;}\">\n\t\t\t\t\t\t<div class=\"elementor-container elementor-column-gap-default\">\n\t\t\t\t\t\t\t<div class=\"elementor-row\">\n\t\t\t\t\t<div class=\"elementor-column elementor-col-100 elementor-top-column elementor-element elementor-element-1f780851\" data-id=\"1f780851\" data-element_type=\"column\">\n\t\t\t<div class=\"elementor-column-wrap elementor-element-populated\">\n\t\t\t\t\t\t\t<div class=\"elementor-widget-wrap\">\n\t\t\t\t\t\t<div class=\"elementor-element elementor-element-57d5141b elementor-widget elementor-widget-html\" data-id=\"57d5141b\" data-element_type=\"widget\" data-widget_type=\"html.default\">\n\t\t\t\t<div class=\"elementor-widget-container\">\n\t\t\t <div class=\"cards\">\n        <div class=\"card \">\n          <img src=\"http:\/\/www.keimax.com\/wp-content\/uploads\/2020\/11\/ESM-red.png\" alt=\"\">\n          <p>Nuestra Serie ESM est\u00e1 dise\u00f1ada para camiones y cargadoras pesadas \u200b\u200btodoterreno. La Serie ESM incluye el aseguramiento y la estabilizaci\u00f3n del tal\u00f3n del neum\u00e1tico para evitar la fuga de aire y lograr que los neum\u00e1ticos duren m\u00e1s tiempo.<\/p>\n           <p><a class=\"btn\" href=\"http:\/\/www.keimax.com\/es\/ruedas-serie-esm\/\">RUEDAS SERIE ESM &#xbb;<\/a><\/p>\n        <\/div>\n        <div class=\"card \">\n           <img src=\"http:\/\/www.keimax.com\/wp-content\/uploads\/2020\/11\/BTS-red.png\" alt=\"\">\n          <p>Nuestra Serie BTS responde a la exigente necesidad de camiones todoterreno de servicio pesado bajo condiciones de operaci\u00f3n dif\u00edciles. Cada rueda es probada con rayos X para mayor durabilidad.<\/p>\n          <p><a class=\"btn\" href=\"http:\/\/www.keimax.com\/es\/ruedas-serie-bts\/\">\n            RUEDAS SERIE  BTS  &#xbb;<\/a><\/p>\n        <\/div>\n        <div class=\"card \">\n           <img src=\"http:\/\/www.keimax.com\/wp-content\/uploads\/2020\/11\/dgcs-red.png\" alt=\"\">\n          <p>Dise\u00f1ada para quitar los neum\u00e1ticos traseros r\u00e1pidamente sin desmontar la rueda exterior, lo que reduce significativamente el tiempo de servicio, la Serie BTS mejora la productividad y aumenta su rentabilidad.<\/p>\n          <p><a class=\"btn\" href=\"http:\/\/www.keimax.com\/es\/ruedas-serie-dgcs\/\">\n            RUEDAS SERIE DGCS  &#xbb;<\/a><\/p>\n        <\/div>\n        <div class=\"card \">\n           <img src=\"http:\/\/www.keimax.com\/wp-content\/uploads\/2020\/11\/iglr-RED.png\" alt=\"\">\n          <p>La rueda ILGR est\u00e1 dise\u00f1ada para lograr que los cambios de neum\u00e1ticos sean m\u00e1s r\u00e1pidos, seguros y eficientes, comparados con los hechos en las tradicionales ruedas de cinco piezas.<\/p>\n         \n          <p><a class=\"btn\" href=\"http:\/\/www.keimax.com\/es\/iglr-series-ruedas-metalicas-wheels\/\">\n            RUEDAS SERIE  IGLR   &#xbb;<\/a><\/p>\n        <\/div>\n      <\/div>\t\t<\/div>\n\t\t\t\t<\/div>\n\t\t\t\t\t\t<\/div>\n\t\t\t\t\t<\/div>\n\t\t<\/div>\n\t\t\t\t\t\t\t\t<\/div>\n\t\t\t\t\t<\/div>\n\t\t<\/section>\n\t\t\t\t\t\t<\/div>\n\t\t\t\t\t\t<\/div>\n\t\t\t\t\t<\/div>\n\t\t","protected":false},"excerpt":{"rendered":"<p>RUEDAS SERIE BTS Ruedas Serie Bead Taper Secure (BTS) Las ruedas y los aros de la serie BTS est\u00e1n dise\u00f1ados para responder a las desafiantes necesidades de los camiones pesados todoterreno en condiciones de operaci\u00f3n dif\u00edciles. Los principales beneficios de BTS son: 1. Mayor vida \u00fatil del aro y componentes 2. Eliminaci\u00f3n de vibraci\u00f3n a &hellip;<\/p>\n<p class=\"read-more\"> <a class=\"\" href=\"http:\/\/www.keimax.com\/es\/ruedas-serie-bts\/\"> <span class=\"screen-reader-text\">RUEDAS SERIE BTS<\/span> Leer m\u00e1s &raquo;<\/a><\/p>\n","protected":false},"author":1,"featured_media":0,"parent":0,"menu_order":0,"comment_status":"closed","ping_status":"closed","template":"","meta":[],"_links":{"self":[{"href":"http:\/\/www.keimax.com\/es\/wp-json\/wp\/v2\/pages\/613"}],"collection":[{"href":"http:\/\/www.keimax.com\/es\/wp-json\/wp\/v2\/pages"}],"about":[{"href":"http:\/\/www.keimax.com\/es\/wp-json\/wp\/v2\/types\/page"}],"author":[{"embeddable":true,"href":"http:\/\/www.keimax.com\/es\/wp-json\/wp\/v2\/users\/1"}],"replies":[{"embeddable":true,"href":"http:\/\/www.keimax.com\/es\/wp-json\/wp\/v2\/comments?post=613"}],"version-history":[{"count":29,"href":"http:\/\/www.keimax.com\/es\/wp-json\/wp\/v2\/pages\/613\/revisions"}],"predecessor-version":[{"id":941,"href":"http:\/\/www.keimax.com\/es\/wp-json\/wp\/v2\/pages\/613\/revisions\/941"}],"wp:attachment":[{"href":"http:\/\/www.keimax.com\/es\/wp-json\/wp\/v2\/media?parent=613"}],"curies":[{"name":"wp","href":"https:\/\/api.w.org\/{rel}","templated":true}]}}