{"id":647,"date":"2020-09-23T19:51:42","date_gmt":"2020-09-23T19:51:42","guid":{"rendered":"http:\/\/www.keimax.com\/es\/?page_id=647"},"modified":"2021-10-19T18:07:51","modified_gmt":"2021-10-19T18:07:51","slug":"accesorios","status":"publish","type":"page","link":"http:\/\/www.keimax.com\/es\/accesorios\/","title":{"rendered":"ACCESORIOS"},"content":{"rendered":"\t\t<div data-elementor-type=\"wp-post\" data-elementor-id=\"647\" class=\"elementor elementor-647\" data-elementor-settings=\"[]\">\n\t\t\t\t\t\t<div class=\"elementor-inner\">\n\t\t\t\t\t\t\t<div class=\"elementor-section-wrap\">\n\t\t\t\t\t\t\t<section class=\"elementor-section elementor-top-section elementor-element elementor-element-1e921c86 elementor-section-content-middle elementor-section-boxed elementor-section-height-default elementor-section-height-default\" data-id=\"1e921c86\" data-element_type=\"section\" data-settings=\"{&quot;background_background&quot;:&quot;classic&quot;}\">\n\t\t\t\t\t\t\t<div class=\"elementor-background-overlay\"><\/div>\n\t\t\t\t\t\t\t<div class=\"elementor-container elementor-column-gap-no\">\n\t\t\t\t\t\t\t<div class=\"elementor-row\">\n\t\t\t\t\t<div class=\"elementor-column elementor-col-100 elementor-top-column elementor-element elementor-element-7b519c68\" data-id=\"7b519c68\" data-element_type=\"column\">\n\t\t\t<div class=\"elementor-column-wrap elementor-element-populated\">\n\t\t\t\t\t\t\t<div class=\"elementor-widget-wrap\">\n\t\t\t\t\t\t<div class=\"elementor-element elementor-element-1b2276f2 elementor-widget elementor-widget-heading\" data-id=\"1b2276f2\" data-element_type=\"widget\" data-widget_type=\"heading.default\">\n\t\t\t\t<div class=\"elementor-widget-container\">\n\t\t\t<h1 class=\"elementor-heading-title elementor-size-default\">ACCESORIOS<\/h1>\t\t<\/div>\n\t\t\t\t<\/div>\n\t\t\t\t\t\t<\/div>\n\t\t\t\t\t<\/div>\n\t\t<\/div>\n\t\t\t\t\t\t\t\t<\/div>\n\t\t\t\t\t<\/div>\n\t\t<\/section>\n\t\t\t\t<section class=\"elementor-section elementor-top-section elementor-element elementor-element-75c7ee7e elementor-section-boxed elementor-section-height-default elementor-section-height-default\" data-id=\"75c7ee7e\" data-element_type=\"section\" data-settings=\"{&quot;background_background&quot;:&quot;classic&quot;}\">\n\t\t\t\t\t\t<div class=\"elementor-container elementor-column-gap-default\">\n\t\t\t\t\t\t\t<div class=\"elementor-row\">\n\t\t\t\t\t<div class=\"elementor-column elementor-col-33 elementor-top-column elementor-element elementor-element-1c896269\" data-id=\"1c896269\" data-element_type=\"column\" data-settings=\"{&quot;background_background&quot;:&quot;classic&quot;}\">\n\t\t\t<div class=\"elementor-column-wrap elementor-element-populated\">\n\t\t\t\t\t\t\t<div class=\"elementor-widget-wrap\">\n\t\t\t\t\t\t<div class=\"elementor-element elementor-element-5157f822 elementor-align-center elementor-widget elementor-widget-button\" data-id=\"5157f822\" data-element_type=\"widget\" data-widget_type=\"button.default\">\n\t\t\t\t<div class=\"elementor-widget-container\">\n\t\t\t\t\t<div class=\"elementor-button-wrapper\">\n\t\t\t<a href=\"http:\/\/www.keimax.com\/es\/tipos-de-aros-laterals\/\" class=\"elementor-button-link elementor-button elementor-size-xl\" role=\"button\">\n\t\t\t\t\t\t<span class=\"elementor-button-content-wrapper\">\n\t\t\t\t\t\t<span class=\"elementor-button-text\">Aros laterales \u00bb<\/span>\n\t\t<\/span>\n\t\t\t\t\t<\/a>\n\t\t<\/div>\n\t\t\t\t<\/div>\n\t\t\t\t<\/div>\n\t\t\t\t\t\t<\/div>\n\t\t\t\t\t<\/div>\n\t\t<\/div>\n\t\t\t\t<div class=\"elementor-column elementor-col-33 elementor-top-column elementor-element elementor-element-6494ffc4\" data-id=\"6494ffc4\" data-element_type=\"column\" data-settings=\"{&quot;background_background&quot;:&quot;classic&quot;}\">\n\t\t\t<div class=\"elementor-column-wrap elementor-element-populated\">\n\t\t\t\t\t\t\t<div class=\"elementor-widget-wrap\">\n\t\t\t\t\t\t<div class=\"elementor-element elementor-element-47f299f7 elementor-align-center elementor-widget elementor-widget-button\" data-id=\"47f299f7\" data-element_type=\"widget\" data-widget_type=\"button.default\">\n\t\t\t\t<div class=\"elementor-widget-container\">\n\t\t\t\t\t<div class=\"elementor-button-wrapper\">\n\t\t\t<a href=\"http:\/\/www.keimax.com\/es\/aro-de-enclavado-o-de-cierre\/\" class=\"elementor-button-link elementor-button elementor-size-xl\" role=\"button\">\n\t\t\t\t\t\t<span class=\"elementor-button-content-wrapper\">\n\t\t\t\t\t\t<span class=\"elementor-button-text\">A ro de enclavado o de cierre \u00bb<\/span>\n\t\t<\/span>\n\t\t\t\t\t<\/a>\n\t\t<\/div>\n\t\t\t\t<\/div>\n\t\t\t\t<\/div>\n\t\t\t\t\t\t<\/div>\n\t\t\t\t\t<\/div>\n\t\t<\/div>\n\t\t\t\t<div class=\"elementor-column elementor-col-33 elementor-top-column elementor-element elementor-element-4abb6c9b\" data-id=\"4abb6c9b\" data-element_type=\"column\" data-settings=\"{&quot;background_background&quot;:&quot;classic&quot;}\">\n\t\t\t<div class=\"elementor-column-wrap elementor-element-populated\">\n\t\t\t\t\t\t\t<div class=\"elementor-widget-wrap\">\n\t\t\t\t\t\t<div class=\"elementor-element elementor-element-4eeb4442 elementor-align-center elementor-widget elementor-widget-button\" data-id=\"4eeb4442\" data-element_type=\"widget\" data-widget_type=\"button.default\">\n\t\t\t\t<div class=\"elementor-widget-container\">\n\t\t\t\t\t<div class=\"elementor-button-wrapper\">\n\t\t\t<a href=\"http:\/\/www.keimax.com\/es\/aros-de-talon\/\" class=\"elementor-button-link elementor-button elementor-size-xl\" role=\"button\">\n\t\t\t\t\t\t<span class=\"elementor-button-content-wrapper\">\n\t\t\t\t\t\t<span class=\"elementor-button-text\">Aro de tal\u00f3n<\/span>\n\t\t<\/span>\n\t\t\t\t\t<\/a>\n\t\t<\/div>\n\t\t\t\t<\/div>\n\t\t\t\t<\/div>\n\t\t\t\t\t\t<\/div>\n\t\t\t\t\t<\/div>\n\t\t<\/div>\n\t\t\t\t\t\t\t\t<\/div>\n\t\t\t\t\t<\/div>\n\t\t<\/section>\n\t\t\t\t<section class=\"elementor-section elementor-top-section elementor-element elementor-element-68967c3f elementor-section-boxed elementor-section-height-default elementor-section-height-default\" data-id=\"68967c3f\" data-element_type=\"section\" data-settings=\"{&quot;background_background&quot;:&quot;classic&quot;}\">\n\t\t\t\t\t\t<div class=\"elementor-container elementor-column-gap-default\">\n\t\t\t\t\t\t\t<div class=\"elementor-row\">\n\t\t\t\t\t<div class=\"elementor-column elementor-col-100 elementor-top-column elementor-element elementor-element-5ca7d513\" data-id=\"5ca7d513\" data-element_type=\"column\">\n\t\t\t<div class=\"elementor-column-wrap elementor-element-populated\">\n\t\t\t\t\t\t\t<div class=\"elementor-widget-wrap\">\n\t\t\t\t\t\t<section class=\"elementor-section elementor-inner-section elementor-element elementor-element-4d747837 elementor-section-boxed elementor-section-height-default elementor-section-height-default\" data-id=\"4d747837\" data-element_type=\"section\">\n\t\t\t\t\t\t<div class=\"elementor-container elementor-column-gap-default\">\n\t\t\t\t\t\t\t<div class=\"elementor-row\">\n\t\t\t\t\t<div class=\"elementor-column elementor-col-100 elementor-inner-column elementor-element elementor-element-438a60b5\" data-id=\"438a60b5\" data-element_type=\"column\">\n\t\t\t<div class=\"elementor-column-wrap elementor-element-populated\">\n\t\t\t\t\t\t\t<div class=\"elementor-widget-wrap\">\n\t\t\t\t\t\t<div class=\"elementor-element elementor-element-47dc9a0a elementor-widget elementor-widget-heading\" data-id=\"47dc9a0a\" data-element_type=\"widget\" data-widget_type=\"heading.default\">\n\t\t\t\t<div class=\"elementor-widget-container\">\n\t\t\t<h2 class=\"elementor-heading-title elementor-size-default\">Descargue nuestro folleto de productos<\/h2>\t\t<\/div>\n\t\t\t\t<\/div>\n\t\t\t\t<div class=\"elementor-element elementor-element-15d649d8 elementor-widget elementor-widget-image\" data-id=\"15d649d8\" data-element_type=\"widget\" data-widget_type=\"image.default\">\n\t\t\t\t<div class=\"elementor-widget-container\">\n\t\t\t\t\t\t\t\t<div class=\"elementor-image\">\n\t\t\t\t\t\t\t\t\t\t\t\t\t<a href=\"http:\/\/www.keimax.com\/wp-content\/uploads\/2021\/10\/20210733-brochure.pdf\">\n\t\t\t\t\t\t\t<img width=\"144\" height=\"198\" src=\"http:\/\/www.keimax.com\/es\/wp-content\/uploads\/2020\/09\/brochured.png\" class=\"attachment-large size-large\" alt=\"\" loading=\"lazy\" \/>\t\t\t\t\t\t\t\t<\/a>\n\t\t\t\t\t\t\t\t\t\t\t\t\t\t<\/div>\n\t\t\t\t\t\t<\/div>\n\t\t\t\t<\/div>\n\t\t\t\t\t\t<\/div>\n\t\t\t\t\t<\/div>\n\t\t<\/div>\n\t\t\t\t\t\t\t\t<\/div>\n\t\t\t\t\t<\/div>\n\t\t<\/section>\n\t\t\t\t\t\t<\/div>\n\t\t\t\t\t<\/div>\n\t\t<\/div>\n\t\t\t\t\t\t\t\t<\/div>\n\t\t\t\t\t<\/div>\n\t\t<\/section>\n\t\t\t\t<section class=\"elementor-section elementor-top-section elementor-element elementor-element-12d8066b elementor-section-boxed elementor-section-height-default elementor-section-height-default\" data-id=\"12d8066b\" data-element_type=\"section\" data-settings=\"{&quot;background_background&quot;:&quot;classic&quot;}\">\n\t\t\t\t\t\t<div class=\"elementor-container elementor-column-gap-default\">\n\t\t\t\t\t\t\t<div class=\"elementor-row\">\n\t\t\t\t\t<div class=\"elementor-column elementor-col-100 elementor-top-column elementor-element elementor-element-5436976\" data-id=\"5436976\" data-element_type=\"column\">\n\t\t\t<div class=\"elementor-column-wrap elementor-element-populated\">\n\t\t\t\t\t\t\t<div class=\"elementor-widget-wrap\">\n\t\t\t\t\t\t<div class=\"elementor-element elementor-element-cc1bff3 elementor-widget elementor-widget-html\" data-id=\"cc1bff3\" data-element_type=\"widget\" data-widget_type=\"html.default\">\n\t\t\t\t<div class=\"elementor-widget-container\">\n\t\t\t <div class=\"cards\">\n        <div class=\"card \">\n          <img src=\"http:\/\/www.keimax.com\/wp-content\/uploads\/2020\/11\/ESM-red.png\" alt=\"\">\n          <p>Nuestra Serie ESM est\u00e1 dise\u00f1ada para camiones y cargadoras pesadas \u200b\u200btodoterreno. La Serie ESM incluye el aseguramiento y la estabilizaci\u00f3n del tal\u00f3n del neum\u00e1tico para evitar la fuga de aire y lograr que los neum\u00e1ticos duren m\u00e1s tiempo.<\/p>\n           <p><a class=\"btn\" href=\"http:\/\/www.keimax.com\/es\/ruedas-serie-esm\/\">RUEDAS SERIE ESM &#xbb;<\/a><\/p>\n        <\/div>\n        <div class=\"card \">\n           <img src=\"http:\/\/www.keimax.com\/wp-content\/uploads\/2020\/11\/BTS-red.png\" alt=\"\">\n          <p>Nuestra Serie BTS responde a la exigente necesidad de camiones todoterreno de servicio pesado bajo condiciones de operaci\u00f3n dif\u00edciles. Cada rueda es probada con rayos X para mayor durabilidad.<\/p>\n          <p><a class=\"btn\" href=\"http:\/\/www.keimax.com\/es\/ruedas-serie-bts\/\">\n            RUEDAS SERIE  BTS  &#xbb;<\/a><\/p>\n        <\/div>\n        <div class=\"card \">\n           <img src=\"http:\/\/www.keimax.com\/wp-content\/uploads\/2020\/11\/dgcs-red.png\" alt=\"\">\n          <p>Dise\u00f1ada para quitar los neum\u00e1ticos traseros r\u00e1pidamente sin desmontar la rueda exterior, lo que reduce significativamente el tiempo de servicio, la Serie BTS mejora la productividad y aumenta su rentabilidad.<\/p>\n          <p><a class=\"btn\" href=\"http:\/\/www.keimax.com\/es\/ruedas-serie-dgcs\/\">\n            RUEDAS SERIE DGCS  &#xbb;<\/a><\/p>\n        <\/div>\n        <div class=\"card \">\n           <img src=\"http:\/\/www.keimax.com\/wp-content\/uploads\/2020\/11\/iglr-RED.png\" alt=\"\">\n          <p>La rueda ILGR est\u00e1 dise\u00f1ada para lograr que los cambios de neum\u00e1ticos sean m\u00e1s r\u00e1pidos, seguros y eficientes, comparados con los hechos en las tradicionales ruedas de cinco piezas.<\/p>\n         \n          <p><a class=\"btn\" href=\"http:\/\/www.keimax.com\/es\/iglr-series-ruedas-metalicas-wheels\/\">\n            RUEDAS SERIE  IGLR   &#xbb;<\/a><\/p>\n        <\/div>\n      <\/div>\t\t<\/div>\n\t\t\t\t<\/div>\n\t\t\t\t\t\t<\/div>\n\t\t\t\t\t<\/div>\n\t\t<\/div>\n\t\t\t\t\t\t\t\t<\/div>\n\t\t\t\t\t<\/div>\n\t\t<\/section>\n\t\t\t\t\t\t<\/div>\n\t\t\t\t\t\t<\/div>\n\t\t\t\t\t<\/div>\n\t\t","protected":false},"excerpt":{"rendered":"<p>ACCESORIOS Aros laterales \u00bb A ro de enclavado o de cierre \u00bb Aro de tal\u00f3n Descargue nuestro folleto de productos Nuestra Serie ESM est\u00e1 dise\u00f1ada para camiones y cargadoras pesadas \u200b\u200btodoterreno. La Serie ESM incluye el aseguramiento y la estabilizaci\u00f3n del tal\u00f3n del neum\u00e1tico para evitar la fuga de aire y lograr que los neum\u00e1ticos &hellip;<\/p>\n<p class=\"read-more\"> <a class=\"\" href=\"http:\/\/www.keimax.com\/es\/accesorios\/\"> <span class=\"screen-reader-text\">ACCESORIOS<\/span> Leer m\u00e1s &raquo;<\/a><\/p>\n","protected":false},"author":1,"featured_media":0,"parent":0,"menu_order":0,"comment_status":"closed","ping_status":"closed","template":"","meta":[],"_links":{"self":[{"href":"http:\/\/www.keimax.com\/es\/wp-json\/wp\/v2\/pages\/647"}],"collection":[{"href":"http:\/\/www.keimax.com\/es\/wp-json\/wp\/v2\/pages"}],"about":[{"href":"http:\/\/www.keimax.com\/es\/wp-json\/wp\/v2\/types\/page"}],"author":[{"embeddable":true,"href":"http:\/\/www.keimax.com\/es\/wp-json\/wp\/v2\/users\/1"}],"replies":[{"embeddable":true,"href":"http:\/\/www.keimax.com\/es\/wp-json\/wp\/v2\/comments?post=647"}],"version-history":[{"count":12,"href":"http:\/\/www.keimax.com\/es\/wp-json\/wp\/v2\/pages\/647\/revisions"}],"predecessor-version":[{"id":926,"href":"http:\/\/www.keimax.com\/es\/wp-json\/wp\/v2\/pages\/647\/revisions\/926"}],"wp:attachment":[{"href":"http:\/\/www.keimax.com\/es\/wp-json\/wp\/v2\/media?parent=647"}],"curies":[{"name":"wp","href":"https:\/\/api.w.org\/{rel}","templated":true}]}}