{"id":814,"date":"2020-10-22T16:47:29","date_gmt":"2020-10-22T16:47:29","guid":{"rendered":"http:\/\/www.keimax.com\/es\/?page_id=814"},"modified":"2021-10-19T18:10:04","modified_gmt":"2021-10-19T18:10:04","slug":"iglr-series-ruedas-metalicas-wheels","status":"publish","type":"page","link":"http:\/\/www.keimax.com\/es\/iglr-series-ruedas-metalicas-wheels\/","title":{"rendered":"IGLR Series \u2013 Ruedas met\u00e1licas (Wheels)"},"content":{"rendered":"\t\t<div data-elementor-type=\"wp-page\" data-elementor-id=\"814\" class=\"elementor elementor-814\" data-elementor-settings=\"[]\">\n\t\t\t\t\t\t<div class=\"elementor-inner\">\n\t\t\t\t\t\t\t<div class=\"elementor-section-wrap\">\n\t\t\t\t\t\t\t<section class=\"elementor-section elementor-top-section elementor-element elementor-element-78cfa20c elementor-section-boxed elementor-section-height-default elementor-section-height-default\" data-id=\"78cfa20c\" data-element_type=\"section\">\n\t\t\t\t\t\t<div class=\"elementor-container elementor-column-gap-default\">\n\t\t\t\t\t\t\t<div class=\"elementor-row\">\n\t\t\t\t\t<div class=\"elementor-column elementor-col-100 elementor-top-column elementor-element elementor-element-1f7d511f\" data-id=\"1f7d511f\" data-element_type=\"column\" data-settings=\"{&quot;background_background&quot;:&quot;classic&quot;}\">\n\t\t\t<div class=\"elementor-column-wrap elementor-element-populated\">\n\t\t\t\t\t<div class=\"elementor-background-overlay\"><\/div>\n\t\t\t\t\t\t\t<div class=\"elementor-widget-wrap\">\n\t\t\t\t\t\t<div class=\"elementor-element elementor-element-55962262 elementor-widget elementor-widget-heading\" data-id=\"55962262\" data-element_type=\"widget\" data-widget_type=\"heading.default\">\n\t\t\t\t<div class=\"elementor-widget-container\">\n\t\t\t<h1 class=\"elementor-heading-title elementor-size-default\">IGLR Series \u2013 Ruedas met\u00e1licas (Wheels)<\/h1>\t\t<\/div>\n\t\t\t\t<\/div>\n\t\t\t\t\t\t<\/div>\n\t\t\t\t\t<\/div>\n\t\t<\/div>\n\t\t\t\t\t\t\t\t<\/div>\n\t\t\t\t\t<\/div>\n\t\t<\/section>\n\t\t\t\t<section class=\"elementor-section elementor-top-section elementor-element elementor-element-cec25f2 elementor-section-boxed elementor-section-height-default elementor-section-height-default\" data-id=\"cec25f2\" data-element_type=\"section\">\n\t\t\t\t\t\t<div class=\"elementor-container elementor-column-gap-default\">\n\t\t\t\t\t\t\t<div class=\"elementor-row\">\n\t\t\t\t\t<div class=\"elementor-column elementor-col-100 elementor-top-column elementor-element elementor-element-577a918\" data-id=\"577a918\" data-element_type=\"column\">\n\t\t\t<div class=\"elementor-column-wrap elementor-element-populated\">\n\t\t\t\t\t\t\t<div class=\"elementor-widget-wrap\">\n\t\t\t\t\t\t<div class=\"elementor-element elementor-element-5afab3e3 elementor-widget elementor-widget-heading\" data-id=\"5afab3e3\" data-element_type=\"widget\" data-widget_type=\"heading.default\">\n\t\t\t\t<div class=\"elementor-widget-container\">\n\t\t\t<h2 class=\"elementor-heading-title elementor-size-default\">Anillo de Cierre Integrado en Ranura (en ingl\u00e9s Integrated Gutter Lock Ring (IGLR))<\/h2>\t\t<\/div>\n\t\t\t\t<\/div>\n\t\t\t\t<div class=\"elementor-element elementor-element-59f87c23 elementor-widget elementor-widget-heading\" data-id=\"59f87c23\" data-element_type=\"widget\" data-widget_type=\"heading.default\">\n\t\t\t\t<div class=\"elementor-widget-container\">\n\t\t\t<h3 class=\"elementor-heading-title elementor-size-default\">La rueda ILGR est\u00e1 dise\u00f1ada para lograr que los cambios de neum\u00e1ticos sean m\u00e1s r\u00e1pidos, seguros y eficientes, comparados con los hechos en las tradicionales ruedas de cinco piezas.  <\/h3>\t\t<\/div>\n\t\t\t\t<\/div>\n\t\t\t\t<section class=\"elementor-section elementor-inner-section elementor-element elementor-element-4e8a0221 elementor-section-boxed elementor-section-height-default elementor-section-height-default\" data-id=\"4e8a0221\" data-element_type=\"section\">\n\t\t\t\t\t\t<div class=\"elementor-container elementor-column-gap-default\">\n\t\t\t\t\t\t\t<div class=\"elementor-row\">\n\t\t\t\t\t<div class=\"elementor-column elementor-col-50 elementor-inner-column elementor-element elementor-element-5dcab3e6\" data-id=\"5dcab3e6\" data-element_type=\"column\">\n\t\t\t<div class=\"elementor-column-wrap elementor-element-populated\">\n\t\t\t\t\t\t\t<div class=\"elementor-widget-wrap\">\n\t\t\t\t\t\t<div class=\"elementor-element elementor-element-617ef73f elementor-widget elementor-widget-text-editor\" data-id=\"617ef73f\" data-element_type=\"widget\" data-widget_type=\"text-editor.default\">\n\t\t\t\t<div class=\"elementor-widget-container\">\n\t\t\t\t\t\t\t\t<div class=\"elementor-text-editor elementor-clearfix\">\n\t\t\t\t<p>Las principals ventajas de las ruedas tipo IGLR son:<\/p>\t\t\t\t\t<\/div>\n\t\t\t\t\t\t<\/div>\n\t\t\t\t<\/div>\n\t\t\t\t<div class=\"elementor-element elementor-element-14b5542f elementor-icon-list--layout-traditional elementor-list-item-link-full_width elementor-widget elementor-widget-icon-list\" data-id=\"14b5542f\" data-element_type=\"widget\" data-widget_type=\"icon-list.default\">\n\t\t\t\t<div class=\"elementor-widget-container\">\n\t\t\t\t\t<ul class=\"elementor-icon-list-items\">\n\t\t\t\t\t\t\t<li class=\"elementor-icon-list-item\">\n\t\t\t\t\t\t\t\t\t\t<span class=\"elementor-icon-list-text\">1. Los cambios de neum\u00e1ticos son m\u00e1s r\u00e1pidos, seguros y eficientes, reduci\u00e9ndose las horas de paro y de puesta en servicio. <\/span>\n\t\t\t\t\t\t\t\t\t<\/li>\n\t\t\t\t\t\t\t\t<li class=\"elementor-icon-list-item\">\n\t\t\t\t\t\t\t\t\t\t<span class=\"elementor-icon-list-text\">2. El neum\u00e1tico se asienta en los aros de tal\u00f3n en vez de en la llanta, lo que hace que sea m\u00e1s f\u00e1cil extraer el neum\u00e1tico de su posici\u00f3n en la rueda.<\/span>\n\t\t\t\t\t\t\t\t\t<\/li>\n\t\t\t\t\t\t\t\t<li class=\"elementor-icon-list-item\">\n\t\t\t\t\t\t\t\t\t\t<span class=\"elementor-icon-list-text\">3. Compar\u00e1ndolo con las ruedas de 5 piezas, la IGLR incorpora un segundo aro de tal\u00f3n, que permite que el neum\u00e1tico pueda ser montado y desmontado en su llanta, con la ayuda de los dos aros de tal\u00f3n, iguales entre s\u00ed, consigu\u00edndose un aumento importante en la eficiencia de mantenimiento y en la rapidez de servicio de neum\u00e1ticos y ruedas.<\/span>\n\t\t\t\t\t\t\t\t\t<\/li>\n\t\t\t\t\t\t<\/ul>\n\t\t\t\t<\/div>\n\t\t\t\t<\/div>\n\t\t\t\t\t\t<\/div>\n\t\t\t\t\t<\/div>\n\t\t<\/div>\n\t\t\t\t<div class=\"elementor-column elementor-col-50 elementor-inner-column elementor-element elementor-element-5f73d99d\" data-id=\"5f73d99d\" data-element_type=\"column\">\n\t\t\t<div class=\"elementor-column-wrap elementor-element-populated\">\n\t\t\t\t\t\t\t<div class=\"elementor-widget-wrap\">\n\t\t\t\t\t\t<div class=\"elementor-element elementor-element-37cb7df7 elementor-widget elementor-widget-image\" data-id=\"37cb7df7\" data-element_type=\"widget\" data-widget_type=\"image.default\">\n\t\t\t\t<div class=\"elementor-widget-container\">\n\t\t\t\t\t\t\t\t<div class=\"elementor-image\">\n\t\t\t\t\t\t\t\t\t\t\t\t<img width=\"768\" height=\"506\" src=\"http:\/\/www.keimax.com\/es\/wp-content\/uploads\/2020\/10\/IGLR-TOP-768x506.jpg\" class=\"attachment-medium_large size-medium_large\" alt=\"\" loading=\"lazy\" srcset=\"http:\/\/www.keimax.com\/es\/wp-content\/uploads\/2020\/10\/IGLR-TOP-768x506.jpg 768w, http:\/\/www.keimax.com\/es\/wp-content\/uploads\/2020\/10\/IGLR-TOP-300x198.jpg 300w, http:\/\/www.keimax.com\/es\/wp-content\/uploads\/2020\/10\/IGLR-TOP-1024x675.jpg 1024w, http:\/\/www.keimax.com\/es\/wp-content\/uploads\/2020\/10\/IGLR-TOP.jpg 1029w\" sizes=\"(max-width: 768px) 100vw, 768px\" \/>\t\t\t\t\t\t\t\t\t\t\t\t\t\t<\/div>\n\t\t\t\t\t\t<\/div>\n\t\t\t\t<\/div>\n\t\t\t\t<div class=\"elementor-element elementor-element-54393131 elementor-widget elementor-widget-image\" data-id=\"54393131\" data-element_type=\"widget\" data-widget_type=\"image.default\">\n\t\t\t\t<div class=\"elementor-widget-container\">\n\t\t\t\t\t\t\t\t<div class=\"elementor-image\">\n\t\t\t\t\t\t\t\t\t\t\t\t<img width=\"768\" height=\"369\" src=\"http:\/\/www.keimax.com\/es\/wp-content\/uploads\/2020\/10\/IGLR-6-pcs-assembly-768x369.jpg\" class=\"attachment-medium_large size-medium_large\" alt=\"\" loading=\"lazy\" srcset=\"http:\/\/www.keimax.com\/es\/wp-content\/uploads\/2020\/10\/IGLR-6-pcs-assembly-768x369.jpg 768w, http:\/\/www.keimax.com\/es\/wp-content\/uploads\/2020\/10\/IGLR-6-pcs-assembly-300x144.jpg 300w, http:\/\/www.keimax.com\/es\/wp-content\/uploads\/2020\/10\/IGLR-6-pcs-assembly-1024x491.jpg 1024w, http:\/\/www.keimax.com\/es\/wp-content\/uploads\/2020\/10\/IGLR-6-pcs-assembly.jpg 1446w\" sizes=\"(max-width: 768px) 100vw, 768px\" \/>\t\t\t\t\t\t\t\t\t\t\t\t\t\t<\/div>\n\t\t\t\t\t\t<\/div>\n\t\t\t\t<\/div>\n\t\t\t\t\t\t<\/div>\n\t\t\t\t\t<\/div>\n\t\t<\/div>\n\t\t\t\t\t\t\t\t<\/div>\n\t\t\t\t\t<\/div>\n\t\t<\/section>\n\t\t\t\t\t\t<\/div>\n\t\t\t\t\t<\/div>\n\t\t<\/div>\n\t\t\t\t\t\t\t\t<\/div>\n\t\t\t\t\t<\/div>\n\t\t<\/section>\n\t\t\t\t<section class=\"elementor-section elementor-top-section elementor-element elementor-element-5979b887 elementor-section-boxed elementor-section-height-default elementor-section-height-default\" data-id=\"5979b887\" data-element_type=\"section\">\n\t\t\t\t\t\t<div class=\"elementor-container elementor-column-gap-default\">\n\t\t\t\t\t\t\t<div class=\"elementor-row\">\n\t\t\t\t\t<div class=\"elementor-column elementor-col-100 elementor-top-column elementor-element elementor-element-3c088cb\" data-id=\"3c088cb\" data-element_type=\"column\">\n\t\t\t<div class=\"elementor-column-wrap elementor-element-populated\">\n\t\t\t\t\t\t\t<div class=\"elementor-widget-wrap\">\n\t\t\t\t\t\t<div class=\"elementor-element elementor-element-377b4720 elementor-widget elementor-widget-heading\" data-id=\"377b4720\" data-element_type=\"widget\" data-widget_type=\"heading.default\">\n\t\t\t\t<div class=\"elementor-widget-container\">\n\t\t\t<h2 class=\"elementor-heading-title elementor-size-default\">Tecnolog\u00eda<\/h2>\t\t<\/div>\n\t\t\t\t<\/div>\n\t\t\t\t<div class=\"elementor-element elementor-element-b04838b elementor-icon-list--layout-traditional elementor-list-item-link-full_width elementor-widget elementor-widget-icon-list\" data-id=\"b04838b\" data-element_type=\"widget\" data-widget_type=\"icon-list.default\">\n\t\t\t\t<div class=\"elementor-widget-container\">\n\t\t\t\t\t<ul class=\"elementor-icon-list-items\">\n\t\t\t\t\t\t\t<li class=\"elementor-icon-list-item\">\n\t\t\t\t\t\t\t\t\t\t\t<span class=\"elementor-icon-list-icon\">\n\t\t\t\t\t\t\t<i aria-hidden=\"true\" class=\"fas fa-circle\"><\/i>\t\t\t\t\t\t<\/span>\n\t\t\t\t\t\t\t\t\t\t<span class=\"elementor-icon-list-text\">Las funciones estructurales de la rueda IGLR son las mismas que las del tipo DGCS, si bien la IGLR tiene una caracter\u00edstica en su parte trasera. El Aro de Enclavado (Lock Ring) viene ya incorporado, lo que hace que el montaje sea m\u00e1s f\u00e1cil.<\/span>\n\t\t\t\t\t\t\t\t\t<\/li>\n\t\t\t\t\t\t<\/ul>\n\t\t\t\t<\/div>\n\t\t\t\t<\/div>\n\t\t\t\t<section class=\"elementor-section elementor-inner-section elementor-element elementor-element-705c8fee elementor-section-boxed elementor-section-height-default elementor-section-height-default\" data-id=\"705c8fee\" data-element_type=\"section\">\n\t\t\t\t\t\t<div class=\"elementor-container elementor-column-gap-default\">\n\t\t\t\t\t\t\t<div class=\"elementor-row\">\n\t\t\t\t\t<div class=\"elementor-column elementor-col-50 elementor-inner-column elementor-element elementor-element-5a77ece\" data-id=\"5a77ece\" data-element_type=\"column\">\n\t\t\t<div class=\"elementor-column-wrap elementor-element-populated\">\n\t\t\t\t\t\t\t<div class=\"elementor-widget-wrap\">\n\t\t\t\t\t\t<div class=\"elementor-element elementor-element-4ec663d1 elementor-widget elementor-widget-image\" data-id=\"4ec663d1\" data-element_type=\"widget\" data-widget_type=\"image.default\">\n\t\t\t\t<div class=\"elementor-widget-container\">\n\t\t\t\t\t\t\t\t<div class=\"elementor-image\">\n\t\t\t\t\t\t\t\t\t\t\t\t<img width=\"768\" height=\"510\" src=\"http:\/\/www.keimax.com\/es\/wp-content\/uploads\/2020\/10\/IGLR-bottom-left-1-768x510.jpg\" class=\"attachment-medium_large size-medium_large\" alt=\"\" loading=\"lazy\" srcset=\"http:\/\/www.keimax.com\/es\/wp-content\/uploads\/2020\/10\/IGLR-bottom-left-1-768x510.jpg 768w, http:\/\/www.keimax.com\/es\/wp-content\/uploads\/2020\/10\/IGLR-bottom-left-1-300x199.jpg 300w, http:\/\/www.keimax.com\/es\/wp-content\/uploads\/2020\/10\/IGLR-bottom-left-1-1024x680.jpg 1024w, http:\/\/www.keimax.com\/es\/wp-content\/uploads\/2020\/10\/IGLR-bottom-left-1.jpg 1383w\" sizes=\"(max-width: 768px) 100vw, 768px\" \/>\t\t\t\t\t\t\t\t\t\t\t\t\t\t<\/div>\n\t\t\t\t\t\t<\/div>\n\t\t\t\t<\/div>\n\t\t\t\t\t\t<\/div>\n\t\t\t\t\t<\/div>\n\t\t<\/div>\n\t\t\t\t<div class=\"elementor-column elementor-col-50 elementor-inner-column elementor-element elementor-element-7a5df924\" data-id=\"7a5df924\" data-element_type=\"column\">\n\t\t\t<div class=\"elementor-column-wrap elementor-element-populated\">\n\t\t\t\t\t\t\t<div class=\"elementor-widget-wrap\">\n\t\t\t\t\t\t<div class=\"elementor-element elementor-element-d26a7c7 elementor-widget elementor-widget-image\" data-id=\"d26a7c7\" data-element_type=\"widget\" data-widget_type=\"image.default\">\n\t\t\t\t<div class=\"elementor-widget-container\">\n\t\t\t\t\t\t\t\t<div class=\"elementor-image\">\n\t\t\t\t\t\t\t\t\t\t\t\t<img width=\"768\" height=\"510\" src=\"http:\/\/www.keimax.com\/es\/wp-content\/uploads\/2020\/10\/IGLR-bottom-right-1-768x510.jpg\" class=\"attachment-medium_large size-medium_large\" alt=\"\" loading=\"lazy\" srcset=\"http:\/\/www.keimax.com\/es\/wp-content\/uploads\/2020\/10\/IGLR-bottom-right-1-768x510.jpg 768w, http:\/\/www.keimax.com\/es\/wp-content\/uploads\/2020\/10\/IGLR-bottom-right-1-300x199.jpg 300w, http:\/\/www.keimax.com\/es\/wp-content\/uploads\/2020\/10\/IGLR-bottom-right-1-1024x680.jpg 1024w, http:\/\/www.keimax.com\/es\/wp-content\/uploads\/2020\/10\/IGLR-bottom-right-1.jpg 1383w\" sizes=\"(max-width: 768px) 100vw, 768px\" \/>\t\t\t\t\t\t\t\t\t\t\t\t\t\t<\/div>\n\t\t\t\t\t\t<\/div>\n\t\t\t\t<\/div>\n\t\t\t\t\t\t<\/div>\n\t\t\t\t\t<\/div>\n\t\t<\/div>\n\t\t\t\t\t\t\t\t<\/div>\n\t\t\t\t\t<\/div>\n\t\t<\/section>\n\t\t\t\t\t\t<\/div>\n\t\t\t\t\t<\/div>\n\t\t<\/div>\n\t\t\t\t\t\t\t\t<\/div>\n\t\t\t\t\t<\/div>\n\t\t<\/section>\n\t\t\t\t<section class=\"elementor-section elementor-top-section elementor-element elementor-element-483b25f elementor-section-boxed elementor-section-height-default elementor-section-height-default\" data-id=\"483b25f\" data-element_type=\"section\" data-settings=\"{&quot;background_background&quot;:&quot;classic&quot;}\">\n\t\t\t\t\t\t<div class=\"elementor-container elementor-column-gap-default\">\n\t\t\t\t\t\t\t<div class=\"elementor-row\">\n\t\t\t\t\t<div class=\"elementor-column elementor-col-100 elementor-top-column elementor-element elementor-element-f8a1630\" data-id=\"f8a1630\" data-element_type=\"column\">\n\t\t\t<div class=\"elementor-column-wrap elementor-element-populated\">\n\t\t\t\t\t\t\t<div class=\"elementor-widget-wrap\">\n\t\t\t\t\t\t<section class=\"elementor-section elementor-inner-section elementor-element elementor-element-0301df6 elementor-section-boxed elementor-section-height-default elementor-section-height-default\" data-id=\"0301df6\" data-element_type=\"section\">\n\t\t\t\t\t\t<div class=\"elementor-container elementor-column-gap-default\">\n\t\t\t\t\t\t\t<div class=\"elementor-row\">\n\t\t\t\t\t<div class=\"elementor-column elementor-col-100 elementor-inner-column elementor-element elementor-element-f11d8c1\" data-id=\"f11d8c1\" data-element_type=\"column\">\n\t\t\t<div class=\"elementor-column-wrap elementor-element-populated\">\n\t\t\t\t\t\t\t<div class=\"elementor-widget-wrap\">\n\t\t\t\t\t\t<div class=\"elementor-element elementor-element-3241478 elementor-widget elementor-widget-heading\" data-id=\"3241478\" data-element_type=\"widget\" data-widget_type=\"heading.default\">\n\t\t\t\t<div class=\"elementor-widget-container\">\n\t\t\t<h2 class=\"elementor-heading-title elementor-size-default\">Descargue nuestro folleto de productos<\/h2>\t\t<\/div>\n\t\t\t\t<\/div>\n\t\t\t\t\t\t<\/div>\n\t\t\t\t\t<\/div>\n\t\t<\/div>\n\t\t\t\t\t\t\t\t<\/div>\n\t\t\t\t\t<\/div>\n\t\t<\/section>\n\t\t\t\t<section class=\"elementor-section elementor-inner-section elementor-element elementor-element-71676f6 elementor-section-boxed elementor-section-height-default elementor-section-height-default\" data-id=\"71676f6\" data-element_type=\"section\">\n\t\t\t\t\t\t<div class=\"elementor-container elementor-column-gap-default\">\n\t\t\t\t\t\t\t<div class=\"elementor-row\">\n\t\t\t\t\t<div class=\"elementor-column elementor-col-100 elementor-inner-column elementor-element elementor-element-3b4516f\" data-id=\"3b4516f\" data-element_type=\"column\">\n\t\t\t<div class=\"elementor-column-wrap elementor-element-populated\">\n\t\t\t\t\t\t\t<div class=\"elementor-widget-wrap\">\n\t\t\t\t\t\t<div class=\"elementor-element elementor-element-6d4d864 elementor-widget elementor-widget-image\" data-id=\"6d4d864\" data-element_type=\"widget\" data-widget_type=\"image.default\">\n\t\t\t\t<div class=\"elementor-widget-container\">\n\t\t\t\t\t\t\t\t<div class=\"elementor-image\">\n\t\t\t\t\t\t\t\t\t\t\t\t\t<a href=\"http:\/\/www.keimax.com\/wp-content\/uploads\/2021\/10\/20210733-brochure.pdf\">\n\t\t\t\t\t\t\t<img width=\"144\" height=\"198\" src=\"http:\/\/www.keimax.com\/es\/wp-content\/uploads\/2020\/09\/brochured.png\" class=\"attachment-large size-large\" alt=\"\" loading=\"lazy\" \/>\t\t\t\t\t\t\t\t<\/a>\n\t\t\t\t\t\t\t\t\t\t\t\t\t\t<\/div>\n\t\t\t\t\t\t<\/div>\n\t\t\t\t<\/div>\n\t\t\t\t\t\t<\/div>\n\t\t\t\t\t<\/div>\n\t\t<\/div>\n\t\t\t\t\t\t\t\t<\/div>\n\t\t\t\t\t<\/div>\n\t\t<\/section>\n\t\t\t\t\t\t<\/div>\n\t\t\t\t\t<\/div>\n\t\t<\/div>\n\t\t\t\t\t\t\t\t<\/div>\n\t\t\t\t\t<\/div>\n\t\t<\/section>\n\t\t\t\t<section class=\"elementor-section elementor-top-section elementor-element elementor-element-37f9fc3b elementor-section-boxed elementor-section-height-default elementor-section-height-default\" data-id=\"37f9fc3b\" data-element_type=\"section\" data-settings=\"{&quot;background_background&quot;:&quot;classic&quot;}\">\n\t\t\t\t\t\t<div class=\"elementor-container elementor-column-gap-default\">\n\t\t\t\t\t\t\t<div class=\"elementor-row\">\n\t\t\t\t\t<div class=\"elementor-column elementor-col-100 elementor-top-column elementor-element elementor-element-1a357774\" data-id=\"1a357774\" data-element_type=\"column\">\n\t\t\t<div class=\"elementor-column-wrap elementor-element-populated\">\n\t\t\t\t\t\t\t<div class=\"elementor-widget-wrap\">\n\t\t\t\t\t\t<div class=\"elementor-element elementor-element-f5948a elementor-widget elementor-widget-html\" data-id=\"f5948a\" data-element_type=\"widget\" data-widget_type=\"html.default\">\n\t\t\t\t<div class=\"elementor-widget-container\">\n\t\t\t <div class=\"cards\">\n        <div class=\"card \">\n          <img src=\"http:\/\/www.keimax.com\/wp-content\/uploads\/2020\/11\/ESM-red.png\" alt=\"\">\n          <p>Nuestra Serie ESM est\u00e1 dise\u00f1ada para camiones y cargadoras pesadas \u200b\u200btodoterreno. La Serie ESM incluye el aseguramiento y la estabilizaci\u00f3n del tal\u00f3n del neum\u00e1tico para evitar la fuga de aire y lograr que los neum\u00e1ticos duren m\u00e1s tiempo.<\/p>\n           <p><a class=\"btn\" href=\"http:\/\/www.keimax.com\/es\/ruedas-serie-esm\/\">RUEDAS SERIE ESM &#xbb;<\/a><\/p>\n        <\/div>\n        <div class=\"card \">\n           <img src=\"http:\/\/www.keimax.com\/wp-content\/uploads\/2020\/11\/BTS-red.png\" alt=\"\">\n          <p>Nuestra Serie BTS responde a la exigente necesidad de camiones todoterreno de servicio pesado bajo condiciones de operaci\u00f3n dif\u00edciles. Cada rueda es probada con rayos X para mayor durabilidad.<\/p>\n          <p><a class=\"btn\" href=\"http:\/\/www.keimax.com\/es\/ruedas-serie-bts\/\">\n            RUEDAS SERIE  BTS  &#xbb;<\/a><\/p>\n        <\/div>\n        <div class=\"card \">\n           <img src=\"http:\/\/www.keimax.com\/wp-content\/uploads\/2020\/11\/dgcs-red.png\" alt=\"\">\n          <p>Dise\u00f1ada para quitar los neum\u00e1ticos traseros r\u00e1pidamente sin desmontar la rueda exterior, lo que reduce significativamente el tiempo de servicio, la Serie BTS mejora la productividad y aumenta su rentabilidad.<\/p>\n          <p><a class=\"btn\" href=\"http:\/\/www.keimax.com\/es\/ruedas-serie-dgcs\/\">\n            RUEDAS SERIE DGCS  &#xbb;<\/a><\/p>\n        <\/div>\n        <div class=\"card \">\n           <img src=\"http:\/\/www.keimax.com\/wp-content\/uploads\/2020\/11\/iglr-RED.png\" alt=\"\">\n          <p>La rueda ILGR est\u00e1 dise\u00f1ada para lograr que los cambios de neum\u00e1ticos sean m\u00e1s r\u00e1pidos, seguros y eficientes, comparados con los hechos en las tradicionales ruedas de cinco piezas.<\/p>\n         \n          <p><a class=\"btn\" href=\"http:\/\/www.keimax.com\/es\/iglr-series-ruedas-metalicas-wheels\/\">\n            RUEDAS SERIE  IGLR   &#xbb;<\/a><\/p>\n        <\/div>\n      <\/div>\t\t<\/div>\n\t\t\t\t<\/div>\n\t\t\t\t\t\t<\/div>\n\t\t\t\t\t<\/div>\n\t\t<\/div>\n\t\t\t\t\t\t\t\t<\/div>\n\t\t\t\t\t<\/div>\n\t\t<\/section>\n\t\t\t\t\t\t<\/div>\n\t\t\t\t\t\t<\/div>\n\t\t\t\t\t<\/div>\n\t\t","protected":false},"excerpt":{"rendered":"<p>IGLR Series \u2013 Ruedas met\u00e1licas (Wheels) Anillo de Cierre Integrado en Ranura (en ingl\u00e9s Integrated Gutter Lock Ring (IGLR)) La rueda ILGR est\u00e1 dise\u00f1ada para lograr que los cambios de neum\u00e1ticos sean m\u00e1s r\u00e1pidos, seguros y eficientes, comparados con los hechos en las tradicionales ruedas de cinco piezas. Las principals ventajas de las ruedas tipo &hellip;<\/p>\n<p class=\"read-more\"> <a class=\"\" href=\"http:\/\/www.keimax.com\/es\/iglr-series-ruedas-metalicas-wheels\/\"> <span class=\"screen-reader-text\">IGLR Series \u2013 Ruedas met\u00e1licas (Wheels)<\/span> Leer m\u00e1s &raquo;<\/a><\/p>\n","protected":false},"author":1,"featured_media":0,"parent":0,"menu_order":0,"comment_status":"closed","ping_status":"closed","template":"","meta":[],"_links":{"self":[{"href":"http:\/\/www.keimax.com\/es\/wp-json\/wp\/v2\/pages\/814"}],"collection":[{"href":"http:\/\/www.keimax.com\/es\/wp-json\/wp\/v2\/pages"}],"about":[{"href":"http:\/\/www.keimax.com\/es\/wp-json\/wp\/v2\/types\/page"}],"author":[{"embeddable":true,"href":"http:\/\/www.keimax.com\/es\/wp-json\/wp\/v2\/users\/1"}],"replies":[{"embeddable":true,"href":"http:\/\/www.keimax.com\/es\/wp-json\/wp\/v2\/comments?post=814"}],"version-history":[{"count":19,"href":"http:\/\/www.keimax.com\/es\/wp-json\/wp\/v2\/pages\/814\/revisions"}],"predecessor-version":[{"id":938,"href":"http:\/\/www.keimax.com\/es\/wp-json\/wp\/v2\/pages\/814\/revisions\/938"}],"wp:attachment":[{"href":"http:\/\/www.keimax.com\/es\/wp-json\/wp\/v2\/media?parent=814"}],"curies":[{"name":"wp","href":"https:\/\/api.w.org\/{rel}","templated":true}]}}