{"id":844,"date":"2020-10-29T16:27:25","date_gmt":"2020-10-29T16:27:25","guid":{"rendered":"http:\/\/www.keimax.com\/es\/?page_id=844"},"modified":"2021-10-19T18:08:13","modified_gmt":"2021-10-19T18:08:13","slug":"aro-de-enclavado-o-de-cierre","status":"publish","type":"page","link":"http:\/\/www.keimax.com\/es\/aro-de-enclavado-o-de-cierre\/","title":{"rendered":"Aro de enclavado o de cierre"},"content":{"rendered":"\t\t<div data-elementor-type=\"wp-page\" data-elementor-id=\"844\" class=\"elementor elementor-844\" data-elementor-settings=\"[]\">\n\t\t\t\t\t\t<div class=\"elementor-inner\">\n\t\t\t\t\t\t\t<div class=\"elementor-section-wrap\">\n\t\t\t\t\t\t\t<section class=\"elementor-section elementor-top-section elementor-element elementor-element-2f015919 elementor-section-boxed elementor-section-height-default elementor-section-height-default\" data-id=\"2f015919\" data-element_type=\"section\">\n\t\t\t\t\t\t<div class=\"elementor-container elementor-column-gap-default\">\n\t\t\t\t\t\t\t<div class=\"elementor-row\">\n\t\t\t\t\t<div class=\"elementor-column elementor-col-100 elementor-top-column elementor-element elementor-element-454ef4f6\" data-id=\"454ef4f6\" data-element_type=\"column\" data-settings=\"{&quot;background_background&quot;:&quot;classic&quot;}\">\n\t\t\t<div class=\"elementor-column-wrap elementor-element-populated\">\n\t\t\t\t\t<div class=\"elementor-background-overlay\"><\/div>\n\t\t\t\t\t\t\t<div class=\"elementor-widget-wrap\">\n\t\t\t\t\t\t<div class=\"elementor-element elementor-element-5a83a270 elementor-widget elementor-widget-heading\" data-id=\"5a83a270\" data-element_type=\"widget\" data-widget_type=\"heading.default\">\n\t\t\t\t<div class=\"elementor-widget-container\">\n\t\t\t<h1 class=\"elementor-heading-title elementor-size-default\">Aro de enclavado o de cierre\n<\/h1>\t\t<\/div>\n\t\t\t\t<\/div>\n\t\t\t\t\t\t<\/div>\n\t\t\t\t\t<\/div>\n\t\t<\/div>\n\t\t\t\t\t\t\t\t<\/div>\n\t\t\t\t\t<\/div>\n\t\t<\/section>\n\t\t\t\t<section class=\"elementor-section elementor-top-section elementor-element elementor-element-519100a5 elementor-section-boxed elementor-section-height-default elementor-section-height-default\" data-id=\"519100a5\" data-element_type=\"section\">\n\t\t\t\t\t\t<div class=\"elementor-container elementor-column-gap-default\">\n\t\t\t\t\t\t\t<div class=\"elementor-row\">\n\t\t\t\t\t<div class=\"elementor-column elementor-col-100 elementor-top-column elementor-element elementor-element-342a8bbc\" data-id=\"342a8bbc\" data-element_type=\"column\">\n\t\t\t<div class=\"elementor-column-wrap elementor-element-populated\">\n\t\t\t\t\t\t\t<div class=\"elementor-widget-wrap\">\n\t\t\t\t\t\t<div class=\"elementor-element elementor-element-da60eb elementor-widget elementor-widget-heading\" data-id=\"da60eb\" data-element_type=\"widget\" data-widget_type=\"heading.default\">\n\t\t\t\t<div class=\"elementor-widget-container\">\n\t\t\t<h2 class=\"elementor-heading-title elementor-size-default\">Tipos\nde anillo de bloqueo<\/h2>\t\t<\/div>\n\t\t\t\t<\/div>\n\t\t\t\t\t\t<\/div>\n\t\t\t\t\t<\/div>\n\t\t<\/div>\n\t\t\t\t\t\t\t\t<\/div>\n\t\t\t\t\t<\/div>\n\t\t<\/section>\n\t\t\t\t<section class=\"elementor-section elementor-top-section elementor-element elementor-element-133a47f4 elementor-section-boxed elementor-section-height-default elementor-section-height-default\" data-id=\"133a47f4\" data-element_type=\"section\" data-settings=\"{&quot;background_background&quot;:&quot;classic&quot;}\">\n\t\t\t\t\t\t<div class=\"elementor-container elementor-column-gap-default\">\n\t\t\t\t\t\t\t<div class=\"elementor-row\">\n\t\t\t\t\t<div class=\"elementor-column elementor-col-100 elementor-top-column elementor-element elementor-element-7b9b0636\" data-id=\"7b9b0636\" data-element_type=\"column\">\n\t\t\t<div class=\"elementor-column-wrap elementor-element-populated\">\n\t\t\t\t\t\t\t<div class=\"elementor-widget-wrap\">\n\t\t\t\t\t\t<div class=\"elementor-element elementor-element-321fa6d6 elementor-widget elementor-widget-heading\" data-id=\"321fa6d6\" data-element_type=\"widget\" data-widget_type=\"heading.default\">\n\t\t\t\t<div class=\"elementor-widget-container\">\n\t\t\t<h2 class=\"elementor-heading-title elementor-size-default\">A\nro de enclavado\ntipo SQ<\/h2>\t\t<\/div>\n\t\t\t\t<\/div>\n\t\t\t\t<div class=\"elementor-element elementor-element-75034236 elementor-widget elementor-widget-image\" data-id=\"75034236\" data-element_type=\"widget\" data-widget_type=\"image.default\">\n\t\t\t\t<div class=\"elementor-widget-container\">\n\t\t\t\t\t\t\t\t<div class=\"elementor-image\">\n\t\t\t\t\t\t\t\t\t\t\t\t<img width=\"900\" height=\"263\" src=\"http:\/\/www.keimax.com\/es\/wp-content\/uploads\/2020\/10\/lockringchart1.jpg\" class=\"attachment-large size-large\" alt=\"\" loading=\"lazy\" srcset=\"http:\/\/www.keimax.com\/es\/wp-content\/uploads\/2020\/10\/lockringchart1.jpg 900w, http:\/\/www.keimax.com\/es\/wp-content\/uploads\/2020\/10\/lockringchart1-300x88.jpg 300w, http:\/\/www.keimax.com\/es\/wp-content\/uploads\/2020\/10\/lockringchart1-768x224.jpg 768w\" sizes=\"(max-width: 900px) 100vw, 900px\" \/>\t\t\t\t\t\t\t\t\t\t\t\t\t\t<\/div>\n\t\t\t\t\t\t<\/div>\n\t\t\t\t<\/div>\n\t\t\t\t<div class=\"elementor-element elementor-element-6fd2f4a9 elementor-widget elementor-widget-image\" data-id=\"6fd2f4a9\" data-element_type=\"widget\" data-widget_type=\"image.default\">\n\t\t\t\t<div class=\"elementor-widget-container\">\n\t\t\t\t\t\t\t\t<div class=\"elementor-image\">\n\t\t\t\t\t\t\t\t\t\t\t\t<img width=\"300\" height=\"233\" src=\"http:\/\/www.keimax.com\/es\/wp-content\/uploads\/2020\/10\/lockringimage2-300x233.jpg\" class=\"attachment-medium size-medium\" alt=\"\" loading=\"lazy\" srcset=\"http:\/\/www.keimax.com\/es\/wp-content\/uploads\/2020\/10\/lockringimage2-300x233.jpg 300w, http:\/\/www.keimax.com\/es\/wp-content\/uploads\/2020\/10\/lockringimage2-768x597.jpg 768w, http:\/\/www.keimax.com\/es\/wp-content\/uploads\/2020\/10\/lockringimage2.jpg 900w\" sizes=\"(max-width: 300px) 100vw, 300px\" \/>\t\t\t\t\t\t\t\t\t\t\t\t\t\t<\/div>\n\t\t\t\t\t\t<\/div>\n\t\t\t\t<\/div>\n\t\t\t\t\t\t<\/div>\n\t\t\t\t\t<\/div>\n\t\t<\/div>\n\t\t\t\t\t\t\t\t<\/div>\n\t\t\t\t\t<\/div>\n\t\t<\/section>\n\t\t\t\t<section class=\"elementor-section elementor-top-section elementor-element elementor-element-5d23eb96 elementor-section-boxed elementor-section-height-default elementor-section-height-default\" data-id=\"5d23eb96\" data-element_type=\"section\" data-settings=\"{&quot;background_background&quot;:&quot;classic&quot;}\">\n\t\t\t\t\t\t<div class=\"elementor-container elementor-column-gap-default\">\n\t\t\t\t\t\t\t<div class=\"elementor-row\">\n\t\t\t\t\t<div class=\"elementor-column elementor-col-100 elementor-top-column elementor-element elementor-element-5cec39b6\" data-id=\"5cec39b6\" data-element_type=\"column\">\n\t\t\t<div class=\"elementor-column-wrap elementor-element-populated\">\n\t\t\t\t\t\t\t<div class=\"elementor-widget-wrap\">\n\t\t\t\t\t\t<div class=\"elementor-element elementor-element-ee45d83 elementor-widget elementor-widget-heading\" data-id=\"ee45d83\" data-element_type=\"widget\" data-widget_type=\"heading.default\">\n\t\t\t\t<div class=\"elementor-widget-container\">\n\t\t\t<h2 class=\"elementor-heading-title elementor-size-default\">Aro de enclavado tipo SQS<\/h2>\t\t<\/div>\n\t\t\t\t<\/div>\n\t\t\t\t<div class=\"elementor-element elementor-element-43c1719f elementor-widget elementor-widget-image\" data-id=\"43c1719f\" data-element_type=\"widget\" data-widget_type=\"image.default\">\n\t\t\t\t<div class=\"elementor-widget-container\">\n\t\t\t\t\t\t\t\t<div class=\"elementor-image\">\n\t\t\t\t\t\t\t\t\t\t\t\t<img width=\"900\" height=\"212\" src=\"http:\/\/www.keimax.com\/es\/wp-content\/uploads\/2020\/10\/lockringchart2.jpg\" class=\"attachment-large size-large\" alt=\"\" loading=\"lazy\" srcset=\"http:\/\/www.keimax.com\/es\/wp-content\/uploads\/2020\/10\/lockringchart2.jpg 900w, http:\/\/www.keimax.com\/es\/wp-content\/uploads\/2020\/10\/lockringchart2-300x71.jpg 300w, http:\/\/www.keimax.com\/es\/wp-content\/uploads\/2020\/10\/lockringchart2-768x181.jpg 768w\" sizes=\"(max-width: 900px) 100vw, 900px\" \/>\t\t\t\t\t\t\t\t\t\t\t\t\t\t<\/div>\n\t\t\t\t\t\t<\/div>\n\t\t\t\t<\/div>\n\t\t\t\t<div class=\"elementor-element elementor-element-3d023e46 elementor-widget elementor-widget-image\" data-id=\"3d023e46\" data-element_type=\"widget\" data-widget_type=\"image.default\">\n\t\t\t\t<div class=\"elementor-widget-container\">\n\t\t\t\t\t\t\t\t<div class=\"elementor-image\">\n\t\t\t\t\t\t\t\t\t\t\t\t<img width=\"300\" height=\"233\" src=\"http:\/\/www.keimax.com\/es\/wp-content\/uploads\/2020\/10\/lockringimage3-300x233.jpg\" class=\"attachment-medium size-medium\" alt=\"\" loading=\"lazy\" srcset=\"http:\/\/www.keimax.com\/es\/wp-content\/uploads\/2020\/10\/lockringimage3-300x233.jpg 300w, http:\/\/www.keimax.com\/es\/wp-content\/uploads\/2020\/10\/lockringimage3-768x597.jpg 768w, http:\/\/www.keimax.com\/es\/wp-content\/uploads\/2020\/10\/lockringimage3.jpg 900w\" sizes=\"(max-width: 300px) 100vw, 300px\" \/>\t\t\t\t\t\t\t\t\t\t\t\t\t\t<\/div>\n\t\t\t\t\t\t<\/div>\n\t\t\t\t<\/div>\n\t\t\t\t\t\t<\/div>\n\t\t\t\t\t<\/div>\n\t\t<\/div>\n\t\t\t\t\t\t\t\t<\/div>\n\t\t\t\t\t<\/div>\n\t\t<\/section>\n\t\t\t\t<section class=\"elementor-section elementor-top-section elementor-element elementor-element-721456da elementor-section-boxed elementor-section-height-default elementor-section-height-default\" data-id=\"721456da\" data-element_type=\"section\" data-settings=\"{&quot;background_background&quot;:&quot;classic&quot;}\">\n\t\t\t\t\t\t<div class=\"elementor-container elementor-column-gap-default\">\n\t\t\t\t\t\t\t<div class=\"elementor-row\">\n\t\t\t\t\t<div class=\"elementor-column elementor-col-100 elementor-top-column elementor-element elementor-element-3db8b269\" data-id=\"3db8b269\" data-element_type=\"column\">\n\t\t\t<div class=\"elementor-column-wrap elementor-element-populated\">\n\t\t\t\t\t\t\t<div class=\"elementor-widget-wrap\">\n\t\t\t\t\t\t<div class=\"elementor-element elementor-element-79312e6 elementor-widget elementor-widget-heading\" data-id=\"79312e6\" data-element_type=\"widget\" data-widget_type=\"heading.default\">\n\t\t\t\t<div class=\"elementor-widget-container\">\n\t\t\t<h2 class=\"elementor-heading-title elementor-size-default\">Aro de enclavado tipo SQL<\/h2>\t\t<\/div>\n\t\t\t\t<\/div>\n\t\t\t\t<div class=\"elementor-element elementor-element-8a392f1 elementor-widget elementor-widget-image\" data-id=\"8a392f1\" data-element_type=\"widget\" data-widget_type=\"image.default\">\n\t\t\t\t<div class=\"elementor-widget-container\">\n\t\t\t\t\t\t\t\t<div class=\"elementor-image\">\n\t\t\t\t\t\t\t\t\t\t\t\t<img width=\"900\" height=\"161\" src=\"http:\/\/www.keimax.com\/es\/wp-content\/uploads\/2020\/10\/lockringchart3.jpg\" class=\"attachment-large size-large\" alt=\"\" loading=\"lazy\" srcset=\"http:\/\/www.keimax.com\/es\/wp-content\/uploads\/2020\/10\/lockringchart3.jpg 900w, http:\/\/www.keimax.com\/es\/wp-content\/uploads\/2020\/10\/lockringchart3-300x54.jpg 300w, http:\/\/www.keimax.com\/es\/wp-content\/uploads\/2020\/10\/lockringchart3-768x137.jpg 768w\" sizes=\"(max-width: 900px) 100vw, 900px\" \/>\t\t\t\t\t\t\t\t\t\t\t\t\t\t<\/div>\n\t\t\t\t\t\t<\/div>\n\t\t\t\t<\/div>\n\t\t\t\t\t\t<\/div>\n\t\t\t\t\t<\/div>\n\t\t<\/div>\n\t\t\t\t\t\t\t\t<\/div>\n\t\t\t\t\t<\/div>\n\t\t<\/section>\n\t\t\t\t<section class=\"elementor-section elementor-top-section elementor-element elementor-element-6752029c elementor-section-boxed elementor-section-height-default elementor-section-height-default\" data-id=\"6752029c\" data-element_type=\"section\" data-settings=\"{&quot;background_background&quot;:&quot;classic&quot;}\">\n\t\t\t\t\t\t<div class=\"elementor-container elementor-column-gap-default\">\n\t\t\t\t\t\t\t<div class=\"elementor-row\">\n\t\t\t\t\t<div class=\"elementor-column elementor-col-50 elementor-top-column elementor-element elementor-element-7a16d9ff\" data-id=\"7a16d9ff\" data-element_type=\"column\">\n\t\t\t<div class=\"elementor-column-wrap elementor-element-populated\">\n\t\t\t\t\t\t\t<div class=\"elementor-widget-wrap\">\n\t\t\t\t\t\t<section class=\"elementor-section elementor-inner-section elementor-element elementor-element-4932f84e elementor-section-boxed elementor-section-height-default elementor-section-height-default\" data-id=\"4932f84e\" data-element_type=\"section\">\n\t\t\t\t\t\t<div class=\"elementor-container elementor-column-gap-default\">\n\t\t\t\t\t\t\t<div class=\"elementor-row\">\n\t\t\t\t\t<div class=\"elementor-column elementor-col-100 elementor-inner-column elementor-element elementor-element-5e9fb094\" data-id=\"5e9fb094\" data-element_type=\"column\">\n\t\t\t<div class=\"elementor-column-wrap elementor-element-populated\">\n\t\t\t\t\t\t\t<div class=\"elementor-widget-wrap\">\n\t\t\t\t\t\t<div class=\"elementor-element elementor-element-3b44f9c6 elementor-widget elementor-widget-heading\" data-id=\"3b44f9c6\" data-element_type=\"widget\" data-widget_type=\"heading.default\">\n\t\t\t\t<div class=\"elementor-widget-container\">\n\t\t\t<h2 class=\"elementor-heading-title elementor-size-default\">Descargue nuestro folleto de productos<\/h2>\t\t<\/div>\n\t\t\t\t<\/div>\n\t\t\t\t<div class=\"elementor-element elementor-element-2ae7ed3c elementor-widget elementor-widget-image\" data-id=\"2ae7ed3c\" data-element_type=\"widget\" data-widget_type=\"image.default\">\n\t\t\t\t<div class=\"elementor-widget-container\">\n\t\t\t\t\t\t\t\t<div class=\"elementor-image\">\n\t\t\t\t\t\t\t\t\t\t\t\t\t<a href=\"http:\/\/www.keimax.com\/wp-content\/uploads\/2021\/10\/20210733-brochure.pdf\">\n\t\t\t\t\t\t\t<img width=\"144\" height=\"198\" src=\"http:\/\/www.keimax.com\/es\/wp-content\/uploads\/2020\/09\/brochured.png\" class=\"attachment-large size-large\" alt=\"\" loading=\"lazy\" \/>\t\t\t\t\t\t\t\t<\/a>\n\t\t\t\t\t\t\t\t\t\t\t\t\t\t<\/div>\n\t\t\t\t\t\t<\/div>\n\t\t\t\t<\/div>\n\t\t\t\t\t\t<\/div>\n\t\t\t\t\t<\/div>\n\t\t<\/div>\n\t\t\t\t\t\t\t\t<\/div>\n\t\t\t\t\t<\/div>\n\t\t<\/section>\n\t\t\t\t\t\t<\/div>\n\t\t\t\t\t<\/div>\n\t\t<\/div>\n\t\t\t\t<div class=\"elementor-column elementor-col-50 elementor-top-column elementor-element elementor-element-1b6c124f\" data-id=\"1b6c124f\" data-element_type=\"column\">\n\t\t\t<div class=\"elementor-column-wrap\">\n\t\t\t\t\t\t\t<div class=\"elementor-widget-wrap\">\n\t\t\t\t\t\t\t\t<\/div>\n\t\t\t\t\t<\/div>\n\t\t<\/div>\n\t\t\t\t\t\t\t\t<\/div>\n\t\t\t\t\t<\/div>\n\t\t<\/section>\n\t\t\t\t<section class=\"elementor-section elementor-top-section elementor-element elementor-element-6a6361b7 elementor-section-boxed elementor-section-height-default elementor-section-height-default\" data-id=\"6a6361b7\" data-element_type=\"section\" data-settings=\"{&quot;background_background&quot;:&quot;classic&quot;}\">\n\t\t\t\t\t\t<div class=\"elementor-container elementor-column-gap-default\">\n\t\t\t\t\t\t\t<div class=\"elementor-row\">\n\t\t\t\t\t<div class=\"elementor-column elementor-col-100 elementor-top-column elementor-element elementor-element-3ca33e5e\" data-id=\"3ca33e5e\" data-element_type=\"column\">\n\t\t\t<div class=\"elementor-column-wrap elementor-element-populated\">\n\t\t\t\t\t\t\t<div class=\"elementor-widget-wrap\">\n\t\t\t\t\t\t<div class=\"elementor-element elementor-element-3193af71 elementor-widget elementor-widget-html\" data-id=\"3193af71\" data-element_type=\"widget\" data-widget_type=\"html.default\">\n\t\t\t\t<div class=\"elementor-widget-container\">\n\t\t\t <div class=\"cards\">\n        <div class=\"card \">\n          <img src=\"http:\/\/www.keimax.com\/wp-content\/uploads\/2020\/11\/ESM-red.png\" alt=\"\">\n          <p>Nuestra Serie ESM est\u00e1 dise\u00f1ada para camiones y cargadoras pesadas \u200b\u200btodoterreno. La Serie ESM incluye el aseguramiento y la estabilizaci\u00f3n del tal\u00f3n del neum\u00e1tico para evitar la fuga de aire y lograr que los neum\u00e1ticos duren m\u00e1s tiempo.<\/p>\n           <p><a class=\"btn\" href=\"http:\/\/www.keimax.com\/es\/ruedas-serie-esm\/\">RUEDAS SERIE ESM &#xbb;<\/a><\/p>\n        <\/div>\n        <div class=\"card \">\n           <img src=\"http:\/\/www.keimax.com\/wp-content\/uploads\/2020\/11\/BTS-red.png\" alt=\"\">\n          <p>Nuestra Serie BTS responde a la exigente necesidad de camiones todoterreno de servicio pesado bajo condiciones de operaci\u00f3n dif\u00edciles. Cada rueda es probada con rayos X para mayor durabilidad.<\/p>\n          <p><a class=\"btn\" href=\"http:\/\/www.keimax.com\/es\/ruedas-serie-bts\/\">\n            RUEDAS SERIE  BTS  &#xbb;<\/a><\/p>\n        <\/div>\n        <div class=\"card \">\n           <img src=\"http:\/\/www.keimax.com\/wp-content\/uploads\/2020\/11\/dgcs-red.png\" alt=\"\">\n          <p>Dise\u00f1ada para quitar los neum\u00e1ticos traseros r\u00e1pidamente sin desmontar la rueda exterior, lo que reduce significativamente el tiempo de servicio, la Serie BTS mejora la productividad y aumenta su rentabilidad.<\/p>\n          <p><a class=\"btn\" href=\"http:\/\/www.keimax.com\/es\/ruedas-serie-dgcs\/\">\n            RUEDAS SERIE DGCS  &#xbb;<\/a><\/p>\n        <\/div>\n        <div class=\"card \">\n           <img src=\"http:\/\/www.keimax.com\/wp-content\/uploads\/2020\/11\/iglr-RED.png\" alt=\"\">\n          <p>La rueda ILGR est\u00e1 dise\u00f1ada para lograr que los cambios de neum\u00e1ticos sean m\u00e1s r\u00e1pidos, seguros y eficientes, comparados con los hechos en las tradicionales ruedas de cinco piezas.<\/p>\n         \n          <p><a class=\"btn\" href=\"http:\/\/www.keimax.com\/es\/iglr-series-ruedas-metalicas-wheels\/\">\n            RUEDAS SERIE  IGLR   &#xbb;<\/a><\/p>\n        <\/div>\n      <\/div>\t\t<\/div>\n\t\t\t\t<\/div>\n\t\t\t\t\t\t<\/div>\n\t\t\t\t\t<\/div>\n\t\t<\/div>\n\t\t\t\t\t\t\t\t<\/div>\n\t\t\t\t\t<\/div>\n\t\t<\/section>\n\t\t\t\t\t\t<\/div>\n\t\t\t\t\t\t<\/div>\n\t\t\t\t\t<\/div>\n\t\t","protected":false},"excerpt":{"rendered":"<p>Aro de enclavado o de cierre Tipos de anillo de bloqueo A ro de enclavado tipo SQ Aro de enclavado tipo SQS Aro de enclavado tipo SQL Descargue nuestro folleto de productos Nuestra Serie ESM est\u00e1 dise\u00f1ada para camiones y cargadoras pesadas \u200b\u200btodoterreno. La Serie ESM incluye el aseguramiento y la estabilizaci\u00f3n del tal\u00f3n del &hellip;<\/p>\n<p class=\"read-more\"> <a class=\"\" href=\"http:\/\/www.keimax.com\/es\/aro-de-enclavado-o-de-cierre\/\"> <span class=\"screen-reader-text\">Aro de enclavado o de cierre<\/span> Leer m\u00e1s &raquo;<\/a><\/p>\n","protected":false},"author":1,"featured_media":0,"parent":0,"menu_order":0,"comment_status":"closed","ping_status":"closed","template":"","meta":[],"_links":{"self":[{"href":"http:\/\/www.keimax.com\/es\/wp-json\/wp\/v2\/pages\/844"}],"collection":[{"href":"http:\/\/www.keimax.com\/es\/wp-json\/wp\/v2\/pages"}],"about":[{"href":"http:\/\/www.keimax.com\/es\/wp-json\/wp\/v2\/types\/page"}],"author":[{"embeddable":true,"href":"http:\/\/www.keimax.com\/es\/wp-json\/wp\/v2\/users\/1"}],"replies":[{"embeddable":true,"href":"http:\/\/www.keimax.com\/es\/wp-json\/wp\/v2\/comments?post=844"}],"version-history":[{"count":12,"href":"http:\/\/www.keimax.com\/es\/wp-json\/wp\/v2\/pages\/844\/revisions"}],"predecessor-version":[{"id":929,"href":"http:\/\/www.keimax.com\/es\/wp-json\/wp\/v2\/pages\/844\/revisions\/929"}],"wp:attachment":[{"href":"http:\/\/www.keimax.com\/es\/wp-json\/wp\/v2\/media?parent=844"}],"curies":[{"name":"wp","href":"https:\/\/api.w.org\/{rel}","templated":true}]}}